{"id":2272,"date":"2025-04-09T14:15:08","date_gmt":"2025-04-09T14:15:08","guid":{"rendered":"https:\/\/rovelotire.ca\/about\/durabilite\/"},"modified":"2025-08-19T13:53:06","modified_gmt":"2025-08-19T13:53:06","slug":"durabilite","status":"publish","type":"page","link":"https:\/\/rovelotireusa.com\/fr-ca\/about\/durabilite\/","title":{"rendered":"Durabilit\u00e9"},"content":{"rendered":"\n<div class=\"wp-block-group squiggle-container bg-green-fade pt-5 has-white-color has-green-dark-background-color has-text-color has-background has-link-color wp-elements-aac919e7647f34de6e850bf42f4538a8\">\n<svg xmlns=\"http:\/\/www.w3.org\/2000\/svg\" class=\"squiggle\" width=\"1440\" height=\"1751\" viewbox=\"0 0 1440 1751\" fill=\"none\"><path d=\"M555.213 -770C651.202 -509.934 -107.964 -347.267 -99.2889 199.128C-90.6137 745.523 997.663 595.871 1434.18 811.358C1783.39 983.747 1480.94 1330.78 1286.07 1482.75L1134 1587\" stroke=\"#42F59E\" stroke-width=\"5\" stroke-linejoin=\"round\" stroke-linecap=\"round\"><\/path><\/svg>\n\n\n<div class=\"wp-block-group container-xl pt-5 pb-5 squiggle-inner\">\n<div class=\"wp-block-group col-lg-8 m-auto mb-5 pb-lg-5 mt-5 pt-lg-5\">\n<h1 class=\"wp-block-heading has-text-align-center has-primary-color has-text-color has-link-color has-size-4-font-size wp-elements-bb4290e3493806711d6ce30b8487941f\" data-aos=\"fade-up\" data-aos-duration=\"800\">B\u00e2tir une industrie du pneu durable<\/h1>\n\n\n\n<p class=\"has-text-align-center mt-5 text-shadow\" data-aos=\"fade-up\" data-aos-duration=\"800\" data-aos-delay=\"50\">Chez Rovelo, la durabilit\u00e9 des pneus n\u2019est pas seulement un objectif, c\u2019est notre responsabilit\u00e9. Nous nous engageons \u00e0 r\u00e9duire notre impact environnemental \u00e0 chaque \u00e9tape de la production de nos pneus et \u00e0 \u0153uvrer pour un avenir plus vert pour les g\u00e9n\u00e9rations futures. <\/p>\n<\/div>\n\n\n\n<h2 class=\"wp-block-heading has-text-align-center text-outline has-primary-color has-text-color has-link-color wp-elements-ea7ccafe2ae75196f931e988185e9ca0\" data-aos=\"fade-up\" data-aos-duration=\"800\" data-aos-delay=\"150\">La voie vers des pneus 100 % durables<\/h2>\n\n\n\n<div class=\"wp-block-columns has-green-dark-color has-text-color has-link-color wp-elements-d3b39e4a08a6e4c514438e41a1df7415\">\n<div class=\"wp-block-column\">\n<div class=\"wp-block-group h-100 m-3 has-white-background-color has-background\" data-aos=\"fade-up\" data-aos-duration=\"800\" data-aos-delay=\"50\">\n<figure class=\"wp-block-image size-full\"><img loading=\"lazy\" decoding=\"async\" width=\"720\" height=\"360\" src=\"https:\/\/rovelotire.ca\/wp-content\/uploads\/2025\/05\/Sustainability-Section2-Stats-IMG1.webp\" alt=\"\" class=\"wp-image-291\"\/><\/figure>\n\n\n<div class=\"wp-block-group p-3 pb-0\">\n<h3 class=\"wp-block-heading has-text-align-center has-primary-color has-text-color has-link-color wp-elements-ea0c6c455a8a6296ce7ed62890a9b1db\">O\u00f9 nous en sommes aujourd\u2019hui<\/h3>\n\n\n\n<p class=\"has-text-align-center\">Rien qu\u2019en 2024, nous avons r\u00e9alis\u00e9 des progr\u00e8s importants dans la r\u00e9duction des \u00e9missions de carbone de l\u2019ensemble de nos gammes de produits (par rapport \u00e0 2022) :<\/p>\n\n\n\n<figure class=\"wp-block-table table-percent mb-0\"><table><tbody><tr><td>19.3%<\/td><td>R\u00e9duction de 19,3 % des \u00e9missions de carbone par unit\u00e9 de production de pneus radiaux semi-acier.<\/td><\/tr><tr><td>19.7%<\/td><td>R\u00e9duction de 19,7 % des \u00e9missions de carbone par unit\u00e9 de production de pneus radiaux tout acier.<\/td><\/tr><tr><td>29.9%<\/td><td>R\u00e9duction de 29,9 % des \u00e9missions de carbone par unit\u00e9 de production de pneus hors route (OTR).<\/td><\/tr><\/tbody><\/table><\/figure><\/div>\n<\/div>\n<\/div>\n\n\n\n<div class=\"wp-block-column\">\n<div class=\"wp-block-group h-100 m-3 has-white-background-color has-background\" data-aos=\"fade-up\" data-aos-duration=\"800\" data-aos-delay=\"150\">\n<figure class=\"wp-block-image size-full\"><img loading=\"lazy\" decoding=\"async\" width=\"720\" height=\"360\" src=\"https:\/\/rovelotire.ca\/wp-content\/uploads\/2025\/05\/Sustainability-Section2-Stats-IMG2.webp\" alt=\"\" class=\"wp-image-293\"\/><\/figure>\n\n\n<div class=\"wp-block-group p-3 pb-0\">\n<h3 class=\"wp-block-heading has-text-align-center has-primary-color has-text-color has-link-color wp-elements-b476e64ae201775ff7b73633648a1db9\">Les objectifs que nous visons<\/h3>\n\n\n\n<p class=\"has-text-align-center\">D\u2019ici 2030, nous nous engageons \u00e0 atteindre les jalons suivants en mati\u00e8re de d\u00e9veloppement durable (par rapport \u00e0 2022) :<\/p>\n\n\n\n<figure class=\"wp-block-table table-percent mb-0\"><table><tbody><tr><td>30%<\/td><td>R\u00e9duction de 30 % de la consommation d\u2019\u00e9nergie par unit\u00e9 de produit de pneu.<\/td><\/tr><tr><td>30%<\/td><td>R\u00e9duction de 30 % des \u00e9missions de carbone par unit\u00e9 de produit de pneu.<\/td><\/tr><tr><td>40%<\/td><td>Utilisation de 40 % de mat\u00e9riaux durables dans les pneus.<\/td><\/tr><\/tbody><\/table><\/figure><\/div>\n<\/div>\n<\/div>\n\n\n\n<div class=\"wp-block-column\">\n<div class=\"wp-block-group h-100 m-3 has-white-background-color has-background\" data-aos=\"fade-up\" data-aos-duration=\"800\" data-aos-delay=\"250\">\n<figure class=\"wp-block-image size-full\"><img loading=\"lazy\" decoding=\"async\" width=\"720\" height=\"360\" src=\"https:\/\/rovelotire.ca\/wp-content\/uploads\/2025\/05\/Sustainability-Section2-Stats-IMG3.webp\" alt=\"\" class=\"wp-image-294\"\/><\/figure>\n\n\n<div class=\"wp-block-group p-3 pb-0\">\n<h3 class=\"wp-block-heading has-text-align-center has-primary-color has-text-color has-link-color wp-elements-8797c241f5ae604b665b9fa34b38ab8c\">La direction que nous prenons<\/h3>\n\n\n\n<p class=\"has-text-align-center\">D\u2019ici 2050, nous voulons \u00eatre l\u2019une des entreprises de pneus les plus durables au monde :<\/p>\n\n\n\n<hr class=\"wp-block-separator has-text-color has-grey-color has-alpha-channel-opacity has-grey-background-color has-background mt-4\"\/>\n\n\n\n<p class=\"has-text-align-center lh-1 victor has-primary-color has-text-color has-link-color has-size-5-font-size wp-elements-4a14f77a739e388092194583d82978ed\">100%<\/p>\n\n\n\n<p>Une empreinte mat\u00e9rielle enti\u00e8rement durable pour tous nos produits.<\/p>\n<\/div>\n<\/div>\n<\/div>\n<\/div>\n\n\n\n<p><\/p>\n<\/div>\n<\/div>\n\n<div class=\"wp-block-group pt-5 has-white-background-color has-background\">\n<div class=\"wp-block-group container-xl mt-5\">\n<h2 class=\"wp-block-heading has-text-align-center col-lg-8 m-auto has-primary-color has-text-color has-link-color wp-elements-9ed7eddd351dc04ba5b4757c05002850\" data-aos=\"zoom-in\" data-aos-duration=\"800\">Nous nous engageons \u00e0 soutenir la gestion environnementale et l\u2019efficacit\u00e9 \u00e9nerg\u00e9tique<\/h2>\n<\/div>\n\n\n\n<div class=\"wp-block-cover is-light\" style=\"min-height:800px;aspect-ratio:unset;\"><img loading=\"lazy\" decoding=\"async\" width=\"1336\" height=\"690\" class=\"wp-block-cover__image-background wp-image-1584 size-full\" alt=\"\" src=\"https:\/\/rovelotire.ca\/wp-content\/uploads\/2025\/07\/sustainability-bg.jpg\" style=\"object-position:33% 30%\" data-object-fit=\"cover\" data-object-position=\"33% 30%\"\/><span aria-hidden=\"true\" class=\"wp-block-cover__background has-background-dim-0 has-background-dim\" style=\"background-color:#d9dad5\"><\/span><div class=\"wp-block-cover__inner-container\">\n<div class=\"wp-block-group container-xl\">\n<div class=\"wp-block-group col-lg-6\">\n<h3 class=\"wp-block-heading mb-4\">Rendement en mati\u00e8re de note ESG<\/h3>\n\n\n\n<div class=\"wp-block-group border border-2 border-primary rounded-1 mb-4 p-3 ps-lg-5 has-light-background-color has-background\" data-aos=\"fade-right\" data-aos-duration=\"800\" data-aos-delay=\"50\">\n<div class=\"wp-block-media-text is-stacked-on-mobile\" style=\"grid-template-columns:15% auto\"><figure class=\"wp-block-media-text__media\"><img loading=\"lazy\" decoding=\"async\" width=\"80\" height=\"80\" src=\"https:\/\/rovelotire.ca\/wp-content\/uploads\/2025\/06\/icon-cdp.png\" alt=\"CDP\" class=\"wp-image-683 size-full\"\/><\/figure><div class=\"wp-block-media-text__content\">\n<h4 class=\"wp-block-heading has-primary-color has-text-color has-link-color has-size-1-font-size wp-elements-b9aa8d1063c5a2ce38412879393d4003\">Carbon Disclosure Project (CDP)<\/h4>\n\n\n\n<p>note B pour les \u00ab changements climatiques \u00bb et la \u00ab s\u00e9curit\u00e9 de l\u2019eau \u00bb.<\/p>\n<\/div><\/div>\n<\/div>\n\n\n\n<div class=\"wp-block-group border border-2 border-primary rounded-1 mb-4 p-3  ps-lg-5 has-light-background-color has-background\" data-aos=\"fade-right\" data-aos-duration=\"800\" data-aos-delay=\"150\">\n<div class=\"wp-block-media-text is-stacked-on-mobile\" style=\"grid-template-columns:15% auto\"><figure class=\"wp-block-media-text__media\"><img loading=\"lazy\" decoding=\"async\" width=\"80\" height=\"81\" src=\"https:\/\/rovelotire.ca\/wp-content\/uploads\/2025\/06\/icon-ecovadis.png\" alt=\"R\u00e9cipiendaire de la m\u00e9daille d\u2019argent EcoVadis pour le d\u00e9veloppement durable.\" class=\"wp-image-621 size-full\"\/><\/figure><div class=\"wp-block-media-text__content\">\n<h4 class=\"wp-block-heading has-primary-color has-text-color has-link-color has-size-1-font-size wp-elements-a8bd3ff89e7596f5b6b05888de0e9615\">EcoVadis<\/h4>\n\n\n\n<p>M\u00e9daille d\u2019argent (classement parmi les 15 % des meilleures entreprises) en 2024.<\/p>\n<\/div><\/div>\n<\/div>\n\n\n\n<div class=\"wp-block-group border border-2 border-primary rounded-1 mb-4 p-3  ps-lg-5 has-light-background-color has-background\" data-aos=\"fade-right\" data-aos-duration=\"800\" data-aos-delay=\"250\">\n<div class=\"wp-block-media-text is-stacked-on-mobile\" style=\"grid-template-columns:15% auto\"><figure class=\"wp-block-media-text__media\"><img loading=\"lazy\" decoding=\"async\" width=\"80\" height=\"80\" src=\"https:\/\/rovelotire.ca\/wp-content\/uploads\/2025\/06\/icon-msci.png\" alt=\"MSCI\" class=\"wp-image-690 size-full\"\/><\/figure><div class=\"wp-block-media-text__content\">\n<h4 class=\"wp-block-heading has-primary-color has-text-color has-link-color has-size-1-font-size wp-elements-2d5ea91ad1ff07ce20e960f2e5867556\">Morgan Stanley Capital International (MSCI)<\/h4>\n\n\n\n<p>Cote BB<\/p>\n<\/div><\/div>\n<\/div>\n<\/div>\n<\/div>\n<\/div><\/div>\n<\/div>\n\n<div class=\"wp-block-group pt-5 pb-5 has-light-background-color has-background\">\n<div class=\"wp-block-group container-xl\">\n<h2 class=\"wp-block-heading has-text-align-center has-primary-color has-text-color has-link-color wp-elements-b6b20283c7ae45ef75fe477f7fe73901\" data-aos=\"fade-up\" data-aos-duration=\"600\"><strong>Engagements en mati\u00e8re de durabilit\u00e9 des pneus<\/strong><\/h2>\n\n\n\n<div class=\"wp-block-columns pt-5 mt-lg-5\">\n<div class=\"wp-block-column\">\n<div class=\"wp-block-group col-lg-8 m-auto\" data-aos=\"fade-up\" data-aos-duration=\"800\">\n<figure class=\"wp-block-image aligncenter size-full\"><img loading=\"lazy\" decoding=\"async\" width=\"201\" height=\"113\" src=\"https:\/\/rovelotire.ca\/wp-content\/uploads\/2025\/06\/icon-ungc.png\" alt=\"UNGC\" class=\"wp-image-708\"\/><\/figure>\n\n\n<p class=\"has-text-align-center\">Pacte mondial des Nations Unies<\/p>\n<\/div>\n<\/div>\n\n\n\n<div class=\"wp-block-column\">\n<div class=\"wp-block-group col-lg-8 m-auto\" data-aos=\"fade-up\" data-aos-duration=\"800\" data-aos-delay=\"50\">\n<figure class=\"wp-block-image aligncenter size-full\"><img loading=\"lazy\" decoding=\"async\" width=\"378\" height=\"113\" src=\"https:\/\/rovelotire.ca\/wp-content\/uploads\/2025\/06\/icon-gpsnr.png\" alt=\"GPSNR\" class=\"wp-image-704\"\/><\/figure>\n\n\n<p class=\"has-text-align-center\">Plateforme mondiale pour le caoutchouc naturel durable (GPSNR)<\/p>\n<\/div>\n<\/div>\n\n\n\n<div class=\"wp-block-column\">\n<div class=\"wp-block-group col-lg-8 m-auto\" data-aos=\"fade-up\" data-aos-duration=\"800\" data-aos-delay=\"100\">\n<figure class=\"wp-block-image aligncenter size-full\"><img loading=\"lazy\" decoding=\"async\" width=\"380\" height=\"113\" src=\"https:\/\/rovelotire.ca\/wp-content\/uploads\/2025\/06\/icon-sbti.png\" alt=\"SBTI\" class=\"wp-image-700\"\/><\/figure>\n\n\n<p class=\"has-text-align-center\">Science Based Targets Initiative (SBTi)<\/p>\n<\/div>\n<\/div>\n<\/div>\n<\/div>\n<\/div>\n","protected":false},"excerpt":{"rendered":"<p>B\u00e2tir une industrie du pneu durable Chez Rovelo, la durabilit\u00e9 des pneus n\u2019est pas seulement un objectif, c\u2019est notre responsabilit\u00e9. Nous nous engageons \u00e0 r\u00e9duire notre impact environnemental \u00e0 chaque \u00e9tape de la production de nos pneus et \u00e0 \u0153uvrer pour un avenir plus vert pour les g\u00e9n\u00e9rations futures. La voie vers des pneus 100 [&hellip;]<\/p>\n","protected":false},"author":1,"featured_media":0,"parent":2221,"menu_order":0,"comment_status":"closed","ping_status":"closed","template":"","meta":{"_acf_changed":false,"footnotes":""},"class_list":["post-2272","page","type-page","status-publish","hentry"],"acf":[],"yoast_head":"<!-- This site is optimized with the Yoast SEO plugin v27.2 - https:\/\/yoast.com\/product\/yoast-seo-wordpress\/ -->\n<title>Notre engagement envers la durabilit\u00e9\u00a0\u2013 Pneus durables | Pneus Rovelo Canada<\/title>\n<meta name=\"description\" content=\"Nous nous engageons \u00e0 r\u00e9duire notre consommation d\u2019\u00e9nergie, \u00e0 utiliser des mat\u00e9riaux respectueux de l\u2019environnement et \u00e0 int\u00e9grer des pratiques durables dans notre gouvernance et nos activit\u00e9s. Apprenez-en davantage.\" \/>\n<meta name=\"robots\" content=\"index, follow, max-snippet:-1, max-image-preview:large, max-video-preview:-1\" \/>\n<link rel=\"canonical\" href=\"https:\/\/rovelotireusa.com\/fr-ca\/about\/durabilite\/\" \/>\n<meta property=\"og:locale\" content=\"fr_CA\" \/>\n<meta property=\"og:type\" content=\"article\" \/>\n<meta property=\"og:title\" content=\"Notre engagement envers la durabilit\u00e9\u00a0\u2013 Pneus durables | Pneus Rovelo Canada\" \/>\n<meta property=\"og:description\" content=\"Nous nous engageons \u00e0 r\u00e9duire notre consommation d\u2019\u00e9nergie, \u00e0 utiliser des mat\u00e9riaux respectueux de l\u2019environnement et \u00e0 int\u00e9grer des pratiques durables dans notre gouvernance et nos activit\u00e9s. Apprenez-en davantage.\" \/>\n<meta property=\"og:url\" content=\"https:\/\/rovelotireusa.com\/fr-ca\/about\/durabilite\/\" \/>\n<meta property=\"og:site_name\" content=\"Rovelo Tires Canada\" \/>\n<meta property=\"article:modified_time\" content=\"2025-08-19T13:53:06+00:00\" \/>\n<meta property=\"og:image\" content=\"https:\/\/rovelotire.ca\/wp-content\/uploads\/2025\/05\/Sustainability-Section2-Stats-IMG1.webp\" \/>\n<meta name=\"twitter:card\" content=\"summary_large_image\" \/>\n<meta name=\"twitter:label1\" content=\"Estimation du temps de lecture\" \/>\n\t<meta name=\"twitter:data1\" content=\"4 minutes\" \/>\n<script type=\"application\/ld+json\" class=\"yoast-schema-graph\">{\"@context\":\"https:\/\/schema.org\",\"@graph\":[{\"@type\":\"WebPage\",\"@id\":\"https:\/\/rovelotireusa.com\/fr-ca\/about\/durabilite\/\",\"url\":\"https:\/\/rovelotireusa.com\/fr-ca\/about\/durabilite\/\",\"name\":\"Notre engagement envers la durabilit\u00e9\u00a0\u2013 Pneus durables | Pneus Rovelo Canada\",\"isPartOf\":{\"@id\":\"https:\/\/rovelotire.ca\/en\/#website\"},\"primaryImageOfPage\":{\"@id\":\"https:\/\/rovelotireusa.com\/fr-ca\/about\/durabilite\/#primaryimage\"},\"image\":{\"@id\":\"https:\/\/rovelotireusa.com\/fr-ca\/about\/durabilite\/#primaryimage\"},\"thumbnailUrl\":\"https:\/\/rovelotire.ca\/wp-content\/uploads\/2025\/05\/Sustainability-Section2-Stats-IMG1.webp\",\"datePublished\":\"2025-04-09T14:15:08+00:00\",\"dateModified\":\"2025-08-19T13:53:06+00:00\",\"description\":\"Nous nous engageons \u00e0 r\u00e9duire notre consommation d\u2019\u00e9nergie, \u00e0 utiliser des mat\u00e9riaux respectueux de l\u2019environnement et \u00e0 int\u00e9grer des pratiques durables dans notre gouvernance et nos activit\u00e9s. Apprenez-en davantage.\",\"breadcrumb\":{\"@id\":\"https:\/\/rovelotireusa.com\/fr-ca\/about\/durabilite\/#breadcrumb\"},\"inLanguage\":\"fr-CA\",\"potentialAction\":[{\"@type\":\"ReadAction\",\"target\":[\"https:\/\/rovelotireusa.com\/fr-ca\/about\/durabilite\/\"]}]},{\"@type\":\"ImageObject\",\"inLanguage\":\"fr-CA\",\"@id\":\"https:\/\/rovelotireusa.com\/fr-ca\/about\/durabilite\/#primaryimage\",\"url\":\"https:\/\/rovelotire.ca\/wp-content\/uploads\/2025\/05\/Sustainability-Section2-Stats-IMG1.webp\",\"contentUrl\":\"https:\/\/rovelotire.ca\/wp-content\/uploads\/2025\/05\/Sustainability-Section2-Stats-IMG1.webp\"},{\"@type\":\"BreadcrumbList\",\"@id\":\"https:\/\/rovelotireusa.com\/fr-ca\/about\/durabilite\/#breadcrumb\",\"itemListElement\":[{\"@type\":\"ListItem\",\"position\":1,\"name\":\"Home\",\"item\":\"https:\/\/rovelotire.ca\/fr-ca\/\"},{\"@type\":\"ListItem\",\"position\":2,\"name\":\"\u00c0 propos\",\"item\":\"https:\/\/rovelotire.ca\/fr-ca\/about\/\"},{\"@type\":\"ListItem\",\"position\":3,\"name\":\"Durabilit\u00e9\"}]},{\"@type\":\"WebSite\",\"@id\":\"https:\/\/rovelotire.ca\/en\/#website\",\"url\":\"https:\/\/rovelotire.ca\/en\/\",\"name\":\"Rovelo Tires Canada\",\"description\":\"\",\"publisher\":{\"@id\":\"https:\/\/rovelotire.ca\/en\/#organization\"},\"alternateName\":\"Rovelo Tires Canada\",\"potentialAction\":[{\"@type\":\"SearchAction\",\"target\":{\"@type\":\"EntryPoint\",\"urlTemplate\":\"https:\/\/rovelotire.ca\/en\/?s={search_term_string}\"},\"query-input\":{\"@type\":\"PropertyValueSpecification\",\"valueRequired\":true,\"valueName\":\"search_term_string\"}}],\"inLanguage\":\"fr-CA\"},{\"@type\":\"Organization\",\"@id\":\"https:\/\/rovelotire.ca\/en\/#organization\",\"name\":\"Rovelo Tires Canada\",\"url\":\"https:\/\/rovelotire.ca\/en\/\",\"logo\":{\"@type\":\"ImageObject\",\"inLanguage\":\"fr-CA\",\"@id\":\"https:\/\/rovelotire.ca\/en\/#\/schema\/logo\/image\/\",\"url\":\"https:\/\/rovelotireusa.com\/wp-content\/uploads\/2025\/04\/rovelo-logo.svg\",\"contentUrl\":\"https:\/\/rovelotireusa.com\/wp-content\/uploads\/2025\/04\/rovelo-logo.svg\",\"caption\":\"Rovelo Tires Canada\"},\"image\":{\"@id\":\"https:\/\/rovelotire.ca\/en\/#\/schema\/logo\/image\/\"}}]}<\/script>\n<!-- \/ Yoast SEO plugin. -->","yoast_head_json":{"title":"Notre engagement envers la durabilit\u00e9\u00a0\u2013 Pneus durables | Pneus Rovelo Canada","description":"Nous nous engageons \u00e0 r\u00e9duire notre consommation d\u2019\u00e9nergie, \u00e0 utiliser des mat\u00e9riaux respectueux de l\u2019environnement et \u00e0 int\u00e9grer des pratiques durables dans notre gouvernance et nos activit\u00e9s. Apprenez-en davantage.","robots":{"index":"index","follow":"follow","max-snippet":"max-snippet:-1","max-image-preview":"max-image-preview:large","max-video-preview":"max-video-preview:-1"},"canonical":"https:\/\/rovelotireusa.com\/fr-ca\/about\/durabilite\/","og_locale":"fr_CA","og_type":"article","og_title":"Notre engagement envers la durabilit\u00e9\u00a0\u2013 Pneus durables | Pneus Rovelo Canada","og_description":"Nous nous engageons \u00e0 r\u00e9duire notre consommation d\u2019\u00e9nergie, \u00e0 utiliser des mat\u00e9riaux respectueux de l\u2019environnement et \u00e0 int\u00e9grer des pratiques durables dans notre gouvernance et nos activit\u00e9s. Apprenez-en davantage.","og_url":"https:\/\/rovelotireusa.com\/fr-ca\/about\/durabilite\/","og_site_name":"Rovelo Tires Canada","article_modified_time":"2025-08-19T13:53:06+00:00","og_image":[{"url":"https:\/\/rovelotire.ca\/wp-content\/uploads\/2025\/05\/Sustainability-Section2-Stats-IMG1.webp","type":"","width":"","height":""}],"twitter_card":"summary_large_image","twitter_misc":{"Estimation du temps de lecture":"4 minutes"},"schema":{"@context":"https:\/\/schema.org","@graph":[{"@type":"WebPage","@id":"https:\/\/rovelotireusa.com\/fr-ca\/about\/durabilite\/","url":"https:\/\/rovelotireusa.com\/fr-ca\/about\/durabilite\/","name":"Notre engagement envers la durabilit\u00e9\u00a0\u2013 Pneus durables | Pneus Rovelo Canada","isPartOf":{"@id":"https:\/\/rovelotire.ca\/en\/#website"},"primaryImageOfPage":{"@id":"https:\/\/rovelotireusa.com\/fr-ca\/about\/durabilite\/#primaryimage"},"image":{"@id":"https:\/\/rovelotireusa.com\/fr-ca\/about\/durabilite\/#primaryimage"},"thumbnailUrl":"https:\/\/rovelotire.ca\/wp-content\/uploads\/2025\/05\/Sustainability-Section2-Stats-IMG1.webp","datePublished":"2025-04-09T14:15:08+00:00","dateModified":"2025-08-19T13:53:06+00:00","description":"Nous nous engageons \u00e0 r\u00e9duire notre consommation d\u2019\u00e9nergie, \u00e0 utiliser des mat\u00e9riaux respectueux de l\u2019environnement et \u00e0 int\u00e9grer des pratiques durables dans notre gouvernance et nos activit\u00e9s. Apprenez-en davantage.","breadcrumb":{"@id":"https:\/\/rovelotireusa.com\/fr-ca\/about\/durabilite\/#breadcrumb"},"inLanguage":"fr-CA","potentialAction":[{"@type":"ReadAction","target":["https:\/\/rovelotireusa.com\/fr-ca\/about\/durabilite\/"]}]},{"@type":"ImageObject","inLanguage":"fr-CA","@id":"https:\/\/rovelotireusa.com\/fr-ca\/about\/durabilite\/#primaryimage","url":"https:\/\/rovelotire.ca\/wp-content\/uploads\/2025\/05\/Sustainability-Section2-Stats-IMG1.webp","contentUrl":"https:\/\/rovelotire.ca\/wp-content\/uploads\/2025\/05\/Sustainability-Section2-Stats-IMG1.webp"},{"@type":"BreadcrumbList","@id":"https:\/\/rovelotireusa.com\/fr-ca\/about\/durabilite\/#breadcrumb","itemListElement":[{"@type":"ListItem","position":1,"name":"Home","item":"https:\/\/rovelotire.ca\/fr-ca\/"},{"@type":"ListItem","position":2,"name":"\u00c0 propos","item":"https:\/\/rovelotire.ca\/fr-ca\/about\/"},{"@type":"ListItem","position":3,"name":"Durabilit\u00e9"}]},{"@type":"WebSite","@id":"https:\/\/rovelotire.ca\/en\/#website","url":"https:\/\/rovelotire.ca\/en\/","name":"Rovelo Tires Canada","description":"","publisher":{"@id":"https:\/\/rovelotire.ca\/en\/#organization"},"alternateName":"Rovelo Tires Canada","potentialAction":[{"@type":"SearchAction","target":{"@type":"EntryPoint","urlTemplate":"https:\/\/rovelotire.ca\/en\/?s={search_term_string}"},"query-input":{"@type":"PropertyValueSpecification","valueRequired":true,"valueName":"search_term_string"}}],"inLanguage":"fr-CA"},{"@type":"Organization","@id":"https:\/\/rovelotire.ca\/en\/#organization","name":"Rovelo Tires Canada","url":"https:\/\/rovelotire.ca\/en\/","logo":{"@type":"ImageObject","inLanguage":"fr-CA","@id":"https:\/\/rovelotire.ca\/en\/#\/schema\/logo\/image\/","url":"https:\/\/rovelotireusa.com\/wp-content\/uploads\/2025\/04\/rovelo-logo.svg","contentUrl":"https:\/\/rovelotireusa.com\/wp-content\/uploads\/2025\/04\/rovelo-logo.svg","caption":"Rovelo Tires Canada"},"image":{"@id":"https:\/\/rovelotire.ca\/en\/#\/schema\/logo\/image\/"}}]}},"_links":{"self":[{"href":"https:\/\/rovelotireusa.com\/fr-ca\/wp-json\/wp\/v2\/pages\/2272","targetHints":{"allow":["GET"]}}],"collection":[{"href":"https:\/\/rovelotireusa.com\/fr-ca\/wp-json\/wp\/v2\/pages"}],"about":[{"href":"https:\/\/rovelotireusa.com\/fr-ca\/wp-json\/wp\/v2\/types\/page"}],"author":[{"embeddable":true,"href":"https:\/\/rovelotireusa.com\/fr-ca\/wp-json\/wp\/v2\/users\/1"}],"replies":[{"embeddable":true,"href":"https:\/\/rovelotireusa.com\/fr-ca\/wp-json\/wp\/v2\/comments?post=2272"}],"version-history":[{"count":2,"href":"https:\/\/rovelotireusa.com\/fr-ca\/wp-json\/wp\/v2\/pages\/2272\/revisions"}],"predecessor-version":[{"id":2315,"href":"https:\/\/rovelotireusa.com\/fr-ca\/wp-json\/wp\/v2\/pages\/2272\/revisions\/2315"}],"up":[{"embeddable":true,"href":"https:\/\/rovelotireusa.com\/fr-ca\/wp-json\/wp\/v2\/pages\/2221"}],"wp:attachment":[{"href":"https:\/\/rovelotireusa.com\/fr-ca\/wp-json\/wp\/v2\/media?parent=2272"}],"curies":[{"name":"wp","href":"https:\/\/api.w.org\/{rel}","templated":true}]}}