{"id":2269,"date":"2025-07-02T14:48:47","date_gmt":"2025-07-02T14:48:47","guid":{"rendered":"https:\/\/rovelotire.ca\/about\/programme-de-remplacement-relatif-aux-avaries-routieres\/"},"modified":"2025-09-20T18:05:11","modified_gmt":"2025-09-20T18:05:11","slug":"programme-de-remplacement-relatif-aux-avaries-routieres","status":"publish","type":"page","link":"https:\/\/rovelotireusa.com\/fr-ca\/about\/programme-de-remplacement-relatif-aux-avaries-routieres\/","title":{"rendered":"Programme de remplacement"},"content":{"rendered":"<div id=\"med-title-block_f09ab0f047c72b34d47f1d776d37637a\"  class=\"container-fluid position-relative \">\n    <div class=\"row bg-dark text-light bg-dark-fade\"  style=\"height: 250px;\">\n        <div class=\"col-12 col-lg-5 p-0 offset-lg-7\">\n            <div class=\"wp-block-cover clip-lg-left\" style=\"aspect-ratio:unset;\">\n                <span aria-hidden=\"true\" class=\"wp-block-cover__background has-background-dim-60 has-background-dim wp-block-cover__gradient-background has-background-gradient has-dark-fade-gradient-background\"><\/span>\n                <img loading=\"lazy\" decoding=\"async\" class=\"wp-block-cover__image-background img-grow-on-load\" alt=\"Mechanic working on tire\"  src=\"https:\/\/rovelotireusa.com\/wp-content\/uploads\/2025\/05\/RHRP-Section1-HeroImg.webp\" data-object-fit=\"cover\">\n            <\/div>\n        <\/div>\n    <\/div>\n    <div class=\"position-absolute w-100 h-100 d-flex flex-columns align-items-center\"  style=\"top:0;left:0;\">\n        \n        <div class=\"container-xl\">\n            <div class=\"row\">\n                <div class=\"col-12 col-lg-7\">\n                    <h1 class=\"text-white text-lg-primary text-shadow has-size-4-font-size aos-init\" data-aos=\"fade-right\" data-aos-duration=\"800\">Programme de remplacement<\/h1>\n                <\/div>\n            <\/div>\n        <\/div>\n    <\/div>\n<\/div>\n\n\n<div class=\"wp-block-group container-xl mt-5 mb-5\">\n<figure class=\"wp-block-image size-full\"><img decoding=\"async\" src=\"https:\/\/rovelotire.ca\/wp-content\/uploads\/2025\/05\/badge-tire-replacement.svg\" alt=\"Tire replacement program\" class=\"wp-image-229\"\/><\/figure>\n\n\n\n<h2 class=\"wp-block-heading has-primary-color has-text-color has-link-color wp-elements-92e2cf3c176a334acb42ffb6a489791f\">PROGRAMME DE REMPLACEMENT EN RAISON DES AVARIES ROUTI\u00c8RES<\/h2>\n\n\n\n<p>Pneus ROVELO offre un programme de \u00ab remplacement limit\u00e9 sans frais \u00bb relatif aux avaries routi\u00e8res pour tous les pneus ROVELO pour autos\/camionnettes. Ce programme de remplacement sans frais relatif aux avaries routi\u00e8res ne s\u2019applique qu\u2019au premier 3\/32e de pouce de la bande originale utile ou pendant deux ans \u00e0 partir de la date d\u2019achat, selon la premi\u00e8re \u00e9ventualit\u00e9. ROVELO remplacera le pneu non r\u00e9parable par un pneu ROVELO neuf similaire. Si le pneu est us\u00e9 au-del\u00e0 du premier 3\/32e de pouce de la bande, ou si deux ans se sont \u00e9coul\u00e9s depuis la date d\u2019achat, cette garantie sur les avaries routi\u00e8res est nulle et sans effet. Les pneus r\u00e9parables sont r\u00e9par\u00e9s aux frais du propri\u00e9taire du v\u00e9hicule.<\/p>\n<\/div>\n\n\n\n<div class=\"wp-block-group container-xl mt-5 mb-5\"><\/div>\n\n\n\n<p><\/p>\n","protected":false},"excerpt":{"rendered":"<p>PROGRAMME DE REMPLACEMENT EN RAISON DES AVARIES ROUTI\u00c8RES Pneus ROVELO offre un programme de \u00ab remplacement limit\u00e9 sans frais \u00bb relatif aux avaries routi\u00e8res pour tous les pneus ROVELO pour autos\/camionnettes. Ce programme de remplacement sans frais relatif aux avaries routi\u00e8res ne s\u2019applique qu\u2019au premier 3\/32e de pouce de la bande originale utile ou pendant [&hellip;]<\/p>\n","protected":false},"author":1,"featured_media":0,"parent":2221,"menu_order":0,"comment_status":"closed","ping_status":"closed","template":"","meta":{"_acf_changed":false,"footnotes":""},"class_list":["post-2269","page","type-page","status-publish","hentry"],"acf":[],"yoast_head":"<!-- This site is optimized with the Yoast SEO plugin v27.2 - https:\/\/yoast.com\/product\/yoast-seo-wordpress\/ -->\n<title>Programme de remplacement relatif aux avaries routi\u00e8res | Pneus Rovelo Canada<\/title>\n<meta name=\"description\" content=\"Rovelo fabrique des pneus de haute qualit\u00e9 qui offrent une grande valeur ajout\u00e9e \u00e0 tous les conducteurs au quotidien et une performance abordable sur laquelle vous pouvez compter. Apprenez-en davantage sur notre programme de remplacement relatif aux avaries routi\u00e8res d\u2019une dur\u00e9e de 2\u00a0ans.\" \/>\n<meta name=\"robots\" content=\"index, follow, max-snippet:-1, max-image-preview:large, max-video-preview:-1\" \/>\n<link rel=\"canonical\" href=\"https:\/\/rovelotireusa.com\/fr-ca\/about\/programme-de-remplacement-relatif-aux-avaries-routieres\/\" \/>\n<meta property=\"og:locale\" content=\"fr_CA\" \/>\n<meta property=\"og:type\" content=\"article\" \/>\n<meta property=\"og:title\" content=\"Programme de remplacement relatif aux avaries routi\u00e8res | Pneus Rovelo Canada\" \/>\n<meta property=\"og:description\" content=\"Rovelo fabrique des pneus de haute qualit\u00e9 qui offrent une grande valeur ajout\u00e9e \u00e0 tous les conducteurs au quotidien et une performance abordable sur laquelle vous pouvez compter. Apprenez-en davantage sur notre programme de remplacement relatif aux avaries routi\u00e8res d\u2019une dur\u00e9e de 2\u00a0ans.\" \/>\n<meta property=\"og:url\" content=\"https:\/\/rovelotireusa.com\/fr-ca\/about\/programme-de-remplacement-relatif-aux-avaries-routieres\/\" \/>\n<meta property=\"og:site_name\" content=\"Rovelo Tires Canada\" \/>\n<meta property=\"article:modified_time\" content=\"2025-09-20T18:05:11+00:00\" \/>\n<meta property=\"og:image\" content=\"https:\/\/rovelotire.ca\/wp-content\/uploads\/2025\/05\/badge-tire-replacement.svg\" \/>\n<meta name=\"twitter:card\" content=\"summary_large_image\" \/>\n<meta name=\"twitter:label1\" content=\"Estimation du temps de lecture\" \/>\n\t<meta name=\"twitter:data1\" content=\"1 minute\" \/>\n<script type=\"application\/ld+json\" class=\"yoast-schema-graph\">{\"@context\":\"https:\/\/schema.org\",\"@graph\":[{\"@type\":\"WebPage\",\"@id\":\"https:\/\/rovelotireusa.com\/fr-ca\/about\/programme-de-remplacement-relatif-aux-avaries-routieres\/\",\"url\":\"https:\/\/rovelotireusa.com\/fr-ca\/about\/programme-de-remplacement-relatif-aux-avaries-routieres\/\",\"name\":\"Programme de remplacement relatif aux avaries routi\u00e8res | Pneus Rovelo Canada\",\"isPartOf\":{\"@id\":\"https:\/\/rovelotire.ca\/en\/#website\"},\"primaryImageOfPage\":{\"@id\":\"https:\/\/rovelotireusa.com\/fr-ca\/about\/programme-de-remplacement-relatif-aux-avaries-routieres\/#primaryimage\"},\"image\":{\"@id\":\"https:\/\/rovelotireusa.com\/fr-ca\/about\/programme-de-remplacement-relatif-aux-avaries-routieres\/#primaryimage\"},\"thumbnailUrl\":\"https:\/\/rovelotire.ca\/wp-content\/uploads\/2025\/05\/badge-tire-replacement.svg\",\"datePublished\":\"2025-07-02T14:48:47+00:00\",\"dateModified\":\"2025-09-20T18:05:11+00:00\",\"description\":\"Rovelo fabrique des pneus de haute qualit\u00e9 qui offrent une grande valeur ajout\u00e9e \u00e0 tous les conducteurs au quotidien et une performance abordable sur laquelle vous pouvez compter. Apprenez-en davantage sur notre programme de remplacement relatif aux avaries routi\u00e8res d\u2019une dur\u00e9e de 2\u00a0ans.\",\"breadcrumb\":{\"@id\":\"https:\/\/rovelotireusa.com\/fr-ca\/about\/programme-de-remplacement-relatif-aux-avaries-routieres\/#breadcrumb\"},\"inLanguage\":\"fr-CA\",\"potentialAction\":[{\"@type\":\"ReadAction\",\"target\":[\"https:\/\/rovelotireusa.com\/fr-ca\/about\/programme-de-remplacement-relatif-aux-avaries-routieres\/\"]}]},{\"@type\":\"ImageObject\",\"inLanguage\":\"fr-CA\",\"@id\":\"https:\/\/rovelotireusa.com\/fr-ca\/about\/programme-de-remplacement-relatif-aux-avaries-routieres\/#primaryimage\",\"url\":\"https:\/\/rovelotire.ca\/wp-content\/uploads\/2025\/05\/badge-tire-replacement.svg\",\"contentUrl\":\"https:\/\/rovelotire.ca\/wp-content\/uploads\/2025\/05\/badge-tire-replacement.svg\"},{\"@type\":\"BreadcrumbList\",\"@id\":\"https:\/\/rovelotireusa.com\/fr-ca\/about\/programme-de-remplacement-relatif-aux-avaries-routieres\/#breadcrumb\",\"itemListElement\":[{\"@type\":\"ListItem\",\"position\":1,\"name\":\"Home\",\"item\":\"https:\/\/rovelotire.ca\/fr-ca\/\"},{\"@type\":\"ListItem\",\"position\":2,\"name\":\"\u00c0 propos\",\"item\":\"https:\/\/rovelotire.ca\/fr-ca\/about\/\"},{\"@type\":\"ListItem\",\"position\":3,\"name\":\"Programme de remplacement\"}]},{\"@type\":\"WebSite\",\"@id\":\"https:\/\/rovelotire.ca\/en\/#website\",\"url\":\"https:\/\/rovelotire.ca\/en\/\",\"name\":\"Rovelo Tires Canada\",\"description\":\"\",\"publisher\":{\"@id\":\"https:\/\/rovelotire.ca\/en\/#organization\"},\"alternateName\":\"Rovelo Tires Canada\",\"potentialAction\":[{\"@type\":\"SearchAction\",\"target\":{\"@type\":\"EntryPoint\",\"urlTemplate\":\"https:\/\/rovelotire.ca\/en\/?s={search_term_string}\"},\"query-input\":{\"@type\":\"PropertyValueSpecification\",\"valueRequired\":true,\"valueName\":\"search_term_string\"}}],\"inLanguage\":\"fr-CA\"},{\"@type\":\"Organization\",\"@id\":\"https:\/\/rovelotire.ca\/en\/#organization\",\"name\":\"Rovelo Tires Canada\",\"url\":\"https:\/\/rovelotire.ca\/en\/\",\"logo\":{\"@type\":\"ImageObject\",\"inLanguage\":\"fr-CA\",\"@id\":\"https:\/\/rovelotire.ca\/en\/#\/schema\/logo\/image\/\",\"url\":\"https:\/\/rovelotireusa.com\/wp-content\/uploads\/2025\/04\/rovelo-logo.svg\",\"contentUrl\":\"https:\/\/rovelotireusa.com\/wp-content\/uploads\/2025\/04\/rovelo-logo.svg\",\"caption\":\"Rovelo Tires Canada\"},\"image\":{\"@id\":\"https:\/\/rovelotire.ca\/en\/#\/schema\/logo\/image\/\"}}]}<\/script>\n<!-- \/ Yoast SEO plugin. -->","yoast_head_json":{"title":"Programme de remplacement relatif aux avaries routi\u00e8res | Pneus Rovelo Canada","description":"Rovelo fabrique des pneus de haute qualit\u00e9 qui offrent une grande valeur ajout\u00e9e \u00e0 tous les conducteurs au quotidien et une performance abordable sur laquelle vous pouvez compter. Apprenez-en davantage sur notre programme de remplacement relatif aux avaries routi\u00e8res d\u2019une dur\u00e9e de 2\u00a0ans.","robots":{"index":"index","follow":"follow","max-snippet":"max-snippet:-1","max-image-preview":"max-image-preview:large","max-video-preview":"max-video-preview:-1"},"canonical":"https:\/\/rovelotireusa.com\/fr-ca\/about\/programme-de-remplacement-relatif-aux-avaries-routieres\/","og_locale":"fr_CA","og_type":"article","og_title":"Programme de remplacement relatif aux avaries routi\u00e8res | Pneus Rovelo Canada","og_description":"Rovelo fabrique des pneus de haute qualit\u00e9 qui offrent une grande valeur ajout\u00e9e \u00e0 tous les conducteurs au quotidien et une performance abordable sur laquelle vous pouvez compter. Apprenez-en davantage sur notre programme de remplacement relatif aux avaries routi\u00e8res d\u2019une dur\u00e9e de 2\u00a0ans.","og_url":"https:\/\/rovelotireusa.com\/fr-ca\/about\/programme-de-remplacement-relatif-aux-avaries-routieres\/","og_site_name":"Rovelo Tires Canada","article_modified_time":"2025-09-20T18:05:11+00:00","og_image":[{"url":"https:\/\/rovelotire.ca\/wp-content\/uploads\/2025\/05\/badge-tire-replacement.svg","type":"","width":"","height":""}],"twitter_card":"summary_large_image","twitter_misc":{"Estimation du temps de lecture":"1 minute"},"schema":{"@context":"https:\/\/schema.org","@graph":[{"@type":"WebPage","@id":"https:\/\/rovelotireusa.com\/fr-ca\/about\/programme-de-remplacement-relatif-aux-avaries-routieres\/","url":"https:\/\/rovelotireusa.com\/fr-ca\/about\/programme-de-remplacement-relatif-aux-avaries-routieres\/","name":"Programme de remplacement relatif aux avaries routi\u00e8res | Pneus Rovelo Canada","isPartOf":{"@id":"https:\/\/rovelotire.ca\/en\/#website"},"primaryImageOfPage":{"@id":"https:\/\/rovelotireusa.com\/fr-ca\/about\/programme-de-remplacement-relatif-aux-avaries-routieres\/#primaryimage"},"image":{"@id":"https:\/\/rovelotireusa.com\/fr-ca\/about\/programme-de-remplacement-relatif-aux-avaries-routieres\/#primaryimage"},"thumbnailUrl":"https:\/\/rovelotire.ca\/wp-content\/uploads\/2025\/05\/badge-tire-replacement.svg","datePublished":"2025-07-02T14:48:47+00:00","dateModified":"2025-09-20T18:05:11+00:00","description":"Rovelo fabrique des pneus de haute qualit\u00e9 qui offrent une grande valeur ajout\u00e9e \u00e0 tous les conducteurs au quotidien et une performance abordable sur laquelle vous pouvez compter. Apprenez-en davantage sur notre programme de remplacement relatif aux avaries routi\u00e8res d\u2019une dur\u00e9e de 2\u00a0ans.","breadcrumb":{"@id":"https:\/\/rovelotireusa.com\/fr-ca\/about\/programme-de-remplacement-relatif-aux-avaries-routieres\/#breadcrumb"},"inLanguage":"fr-CA","potentialAction":[{"@type":"ReadAction","target":["https:\/\/rovelotireusa.com\/fr-ca\/about\/programme-de-remplacement-relatif-aux-avaries-routieres\/"]}]},{"@type":"ImageObject","inLanguage":"fr-CA","@id":"https:\/\/rovelotireusa.com\/fr-ca\/about\/programme-de-remplacement-relatif-aux-avaries-routieres\/#primaryimage","url":"https:\/\/rovelotire.ca\/wp-content\/uploads\/2025\/05\/badge-tire-replacement.svg","contentUrl":"https:\/\/rovelotire.ca\/wp-content\/uploads\/2025\/05\/badge-tire-replacement.svg"},{"@type":"BreadcrumbList","@id":"https:\/\/rovelotireusa.com\/fr-ca\/about\/programme-de-remplacement-relatif-aux-avaries-routieres\/#breadcrumb","itemListElement":[{"@type":"ListItem","position":1,"name":"Home","item":"https:\/\/rovelotire.ca\/fr-ca\/"},{"@type":"ListItem","position":2,"name":"\u00c0 propos","item":"https:\/\/rovelotire.ca\/fr-ca\/about\/"},{"@type":"ListItem","position":3,"name":"Programme de remplacement"}]},{"@type":"WebSite","@id":"https:\/\/rovelotire.ca\/en\/#website","url":"https:\/\/rovelotire.ca\/en\/","name":"Rovelo Tires Canada","description":"","publisher":{"@id":"https:\/\/rovelotire.ca\/en\/#organization"},"alternateName":"Rovelo Tires Canada","potentialAction":[{"@type":"SearchAction","target":{"@type":"EntryPoint","urlTemplate":"https:\/\/rovelotire.ca\/en\/?s={search_term_string}"},"query-input":{"@type":"PropertyValueSpecification","valueRequired":true,"valueName":"search_term_string"}}],"inLanguage":"fr-CA"},{"@type":"Organization","@id":"https:\/\/rovelotire.ca\/en\/#organization","name":"Rovelo Tires Canada","url":"https:\/\/rovelotire.ca\/en\/","logo":{"@type":"ImageObject","inLanguage":"fr-CA","@id":"https:\/\/rovelotire.ca\/en\/#\/schema\/logo\/image\/","url":"https:\/\/rovelotireusa.com\/wp-content\/uploads\/2025\/04\/rovelo-logo.svg","contentUrl":"https:\/\/rovelotireusa.com\/wp-content\/uploads\/2025\/04\/rovelo-logo.svg","caption":"Rovelo Tires Canada"},"image":{"@id":"https:\/\/rovelotire.ca\/en\/#\/schema\/logo\/image\/"}}]}},"_links":{"self":[{"href":"https:\/\/rovelotireusa.com\/fr-ca\/wp-json\/wp\/v2\/pages\/2269","targetHints":{"allow":["GET"]}}],"collection":[{"href":"https:\/\/rovelotireusa.com\/fr-ca\/wp-json\/wp\/v2\/pages"}],"about":[{"href":"https:\/\/rovelotireusa.com\/fr-ca\/wp-json\/wp\/v2\/types\/page"}],"author":[{"embeddable":true,"href":"https:\/\/rovelotireusa.com\/fr-ca\/wp-json\/wp\/v2\/users\/1"}],"replies":[{"embeddable":true,"href":"https:\/\/rovelotireusa.com\/fr-ca\/wp-json\/wp\/v2\/comments?post=2269"}],"version-history":[{"count":7,"href":"https:\/\/rovelotireusa.com\/fr-ca\/wp-json\/wp\/v2\/pages\/2269\/revisions"}],"predecessor-version":[{"id":2962,"href":"https:\/\/rovelotireusa.com\/fr-ca\/wp-json\/wp\/v2\/pages\/2269\/revisions\/2962"}],"up":[{"embeddable":true,"href":"https:\/\/rovelotireusa.com\/fr-ca\/wp-json\/wp\/v2\/pages\/2221"}],"wp:attachment":[{"href":"https:\/\/rovelotireusa.com\/fr-ca\/wp-json\/wp\/v2\/media?parent=2269"}],"curies":[{"name":"wp","href":"https:\/\/api.w.org\/{rel}","templated":true}]}}