{"id":2221,"date":"2025-04-09T14:13:55","date_gmt":"2025-04-09T14:13:55","guid":{"rendered":"https:\/\/rovelotire.ca\/about\/"},"modified":"2025-08-19T13:48:33","modified_gmt":"2025-08-19T13:48:33","slug":"about","status":"publish","type":"page","link":"https:\/\/rovelotireusa.com\/fr-ca\/about\/","title":{"rendered":"\u00c0 propos"},"content":{"rendered":"\n<div class=\"wp-block-cover\" style=\"min-height:350px;aspect-ratio:unset;\"><img loading=\"lazy\" decoding=\"async\" width=\"1024\" height=\"469\" class=\"wp-block-cover__image-background wp-image-308 size-large\" alt=\"Close up of tire tread\" src=\"https:\/\/rovelotire.ca\/wp-content\/uploads\/2025\/06\/about-bg-1024x469.jpg\" data-object-fit=\"cover\"\/><span aria-hidden=\"true\" class=\"wp-block-cover__background has-dark-background-color has-background-dim-60 has-background-dim\"><\/span><div class=\"wp-block-cover__inner-container\">\n<h1 class=\"wp-block-heading has-text-align-center text-shadow has-primary-color has-text-color has-link-color has-size-4-font-size wp-elements-806298f99985eace4ab3274a74cbf857\">Pneus Rovelo<\/h1>\n\n\n\n<p class=\"has-text-align-center\">Motiv\u00e9s par l\u2019innovation. Inspir\u00e9s par la performance.<\/p>\n<\/div><\/div>\n\n\n\n<div class=\"wp-block-group container-xl mt-5 mb-5 ps-lg-5 pe-lg-5\">\n<div class=\"wp-block-group\" data-aos=\"fade-up\" data-aos-duration=\"800\">\n<h2 class=\"wp-block-heading has-primary-color has-text-color has-link-color wp-elements-83072c849cfc366e7e275812267eb7c1\"><strong>Sur la route du savoir<\/strong><\/h2>\n\n\n\n<div class=\"wp-block-columns gap-3\">\n<div class=\"wp-block-column\">\n<p>Rovelo est un chef de file en mati\u00e8re de valeur exceptionnelle. La marque offre une vaste gamme de pneus de tailles courantes et convenant aux applications populaires pour voitures, camions, multisegments et VUS. L\u2019\u00e9quipe se concentre sur la fabrication de pneus de qualit\u00e9 sup\u00e9rieure qui proposent aux conducteurs au quotidien des performances fiables \u00e0 un prix abordable.<\/p>\n<\/div>\n\n\n\n<div class=\"wp-block-column\">\n<p>Gr\u00e2ce \u00e0 une approche m\u00e9thodique en mati\u00e8re de recherche, de d\u00e9veloppement et d\u2019essais, Rovelo affine continuellement ses processus de fabrication avanc\u00e9s afin de garantir une qualit\u00e9 et des performances constantes. Chaque pneu est accompagn\u00e9 de garanties de premier plan dans l\u2019industrie, d\u2019un soutien \u00e0 la client\u00e8le d\u00e9vou\u00e9 et d\u2019une valeur exceptionnelle de confiance.<\/p>\n<\/div>\n<\/div>\n<\/div>\n\n\n\n<div class=\"wp-block-columns pt-5 mt-lg-5\">\n<div class=\"wp-block-column\">\n<div class=\"wp-block-group col-lg-8 m-auto\" data-aos=\"fade-up\" data-aos-duration=\"800\">\n<figure class=\"wp-block-image aligncenter size-full\"><img decoding=\"async\" src=\"https:\/\/rovelotire.ca\/wp-content\/uploads\/2025\/06\/icon-rd.svg\" alt=\"R. et D. novatrice\" class=\"wp-image-311\"\/><\/figure>\n\n\n\n<h3 class=\"wp-block-heading has-text-align-center col-lg-7 m-auto mb-2 has-primary-color has-text-color has-link-color wp-elements-973d7d9c455e9468a1dfa5d9d86a6f66\">R. et D. novatrice<\/h3>\n\n\n\n<p class=\"has-text-align-center\">Une ing\u00e9nierie de pointe et le lancement de produits recherch\u00e9s qui offrent des solutions concr\u00e8tes.<\/p>\n<\/div>\n<\/div>\n\n\n\n<div class=\"wp-block-column\">\n<div class=\"wp-block-group col-lg-8 m-auto\" data-aos=\"fade-up\" data-aos-duration=\"800\" data-aos-delay=\"50\">\n<figure class=\"wp-block-image aligncenter size-full\"><img decoding=\"async\" src=\"https:\/\/rovelotire.ca\/wp-content\/uploads\/2025\/06\/icon-warranty.svg\" alt=\"Qualit\u00e9 et garantie \u00e9prouv\u00e9es\" class=\"wp-image-313\"\/><\/figure>\n\n\n\n<h3 class=\"wp-block-heading has-text-align-center has-primary-color has-text-color has-link-color wp-elements-ea12bc16255da506d1e178e42687fe99\">Qualit\u00e9 et garantie \u00e9prouv\u00e9es<\/h3>\n\n\n\n<p class=\"has-text-align-center\">Des performances fiables soutenues par une garantie de premier plan dans le secteur.<\/p>\n<\/div>\n<\/div>\n\n\n\n<div class=\"wp-block-column\">\n<div class=\"wp-block-group col-lg-8 m-auto\" data-aos=\"fade-up\" data-aos-duration=\"800\" data-aos-delay=\"100\">\n<figure class=\"wp-block-image aligncenter size-full\"><img decoding=\"async\" src=\"https:\/\/rovelotire.ca\/wp-content\/uploads\/2025\/06\/icon-support.svg\" alt=\"Assistance d\u00e9di\u00e9e en Am\u00e9rique du Nord\" class=\"wp-image-315\"\/><\/figure>\n\n\n\n<h3 class=\"wp-block-heading has-text-align-center has-primary-color has-text-color has-link-color wp-elements-2397137c646eb3e443b5015fc70c9cd2\">Assistance d\u00e9di\u00e9e en Am\u00e9rique du Nord<\/h3>\n\n\n\n<p class=\"has-text-align-center\">L\u2019aide sp\u00e9cialis\u00e9e d\u2019une \u00e9quipe qui conna\u00eet vos routes et vos besoins.<\/p>\n<\/div>\n<\/div>\n<\/div>\n<\/div>\n\n\n<div id=\"med-block-block_b232c8d8f4b2cc0d7e3ee7bcbecc0556\"  class=\"container-fluid \">\n    <div class=\"row tire-detailsrow bg-dark text-light\">\n                <div class=\"col-12 col-lg-6 p-0 order-1\">\n            <div class=\"wp-block-cover clip-bottom clip-lg-right\" style=\"aspect-ratio:unset;min-height:200px;\">\n                <img loading=\"lazy\" decoding=\"async\" class=\"wp-block-cover__image-background img-grow-on-load js-animate\" alt=\"\"  src=\"https:\/\/rovelotireusa.com\/wp-content\/uploads\/2025\/05\/Section-1-Hero.webp\" data-object-fit=\"cover\">\n            <\/div>\n        <\/div>\n                <div class=\"col-12 col-lg-6 bg-dots-left order-2\">\n            <div class=\"p-2 p-md-5\">\n                <h2 class=\"has-primary-color\">Prix et distinctions<\/h2>\n                <div class=\"aos-animate mb-4 col-lg-7 d-flex align-items-center\" data-aos=\"fade-left\" data-aos-delay=\"50\"><img decoding=\"async\" class=\"size-full wp-image-625 me-4\" src=\"https:\/\/rovelotire.ca\/wp-content\/uploads\/2025\/06\/icon-ranked.svg\" alt=\"Fabricant de pneus class\u00e9 officiellement 10e \u00e0 l\u2019\u00e9chelle mondiale.\"> Fabricant de pneus class\u00e9 officiellement 10e \u00e0 l\u2019\u00e9chelle mondiale.<\/div>\n<div class=\"aos-animate mb-4 col-lg-7 d-flex align-items-center\" data-aos=\"fade-left\" data-aos-delay=\"150\"><img decoding=\"async\" class=\"alignnone size-full wp-image-629 me-4\" src=\"https:\/\/rovelotire.ca\/wp-content\/uploads\/2025\/06\/icon-trusted.svg\" alt=\"Produits de confiance vendus dans plus de 180 pays.\">Produits de confiance vendus dans plus de 180 pays.<\/div>\n<div class=\"aos-animate mb-4 col-lg-7 d-flex align-items-center\" data-aos=\"fade-left\" data-aos-delay=\"250\"><img loading=\"lazy\" decoding=\"async\" class=\"alignnone size-full wp-image-621 me-4\" src=\"https:\/\/rovelotire.ca\/wp-content\/uploads\/2025\/06\/icon-ecovadis.png\" alt=\"R\u00e9cipiendaire de la m\u00e9daille d\u2019argent EcoVadis pour le d\u00e9veloppement durable.\" width=\"80\" height=\"81\">R\u00e9cipiendaire de la m\u00e9daille d\u2019argent EcoVadis pour le d\u00e9veloppement durable.<\/div>\n            <\/div>  \n        <\/div>\n            <\/div>\n<\/div>\n\n<div id=\"rev-gallery-block_d5de4eacac0c41e835c11053b7adb4c0\"  class=\"rev-gallery \">\n  <!-- \/\/  data-bs-ride=\"carousel\" -->\n  <div class=\"rev-gallery-inner\">\n    <div class=\"slick-slide ratio-1x1 ratio-lg-16x9\"><img decoding=\"async\" class=\"img-fluid object-fit-cover\" src=\"https:\/\/rovelotireusa.com\/wp-content\/uploads\/2025\/06\/About-Section5-Carousel-AV-Img6.webp\" alt=\"\" \/><\/div><div class=\"slick-slide ratio-1x1 ratio-lg-16x9\"><img decoding=\"async\" class=\"img-fluid object-fit-cover\" src=\"https:\/\/rovelotireusa.com\/wp-content\/uploads\/2025\/06\/About-Section5-Carousel-IAS01-Img8.webp\" alt=\"\" \/><\/div><div class=\"slick-slide ratio-1x1 ratio-lg-16x9\"><img decoding=\"async\" class=\"img-fluid object-fit-cover\" src=\"https:\/\/rovelotireusa.com\/wp-content\/uploads\/2025\/06\/About-Section5-Carousel-ISUV-Img7.webp\" alt=\"\" \/><\/div><div class=\"slick-slide ratio-1x1 ratio-lg-16x9\"><img decoding=\"async\" class=\"img-fluid object-fit-cover\" src=\"https:\/\/rovelotireusa.com\/wp-content\/uploads\/2025\/06\/About-Section5-Carousel-RAT2-Img3.webp\" alt=\"\" \/><\/div><div class=\"slick-slide ratio-1x1 ratio-lg-16x9\"><img decoding=\"async\" class=\"img-fluid object-fit-cover\" src=\"https:\/\/rovelotireusa.com\/wp-content\/uploads\/2025\/06\/About-Section5-Carousel-RAT2-Img4.webp\" alt=\"\" \/><\/div><div class=\"slick-slide ratio-1x1 ratio-lg-16x9\"><img decoding=\"async\" class=\"img-fluid object-fit-cover\" src=\"https:\/\/rovelotireusa.com\/wp-content\/uploads\/2025\/06\/About-Section5-Carousel-RRT-Img1.webp\" alt=\"\" \/><\/div><div class=\"slick-slide ratio-1x1 ratio-lg-16x9\"><img decoding=\"async\" class=\"img-fluid object-fit-cover\" src=\"https:\/\/rovelotireusa.com\/wp-content\/uploads\/2025\/06\/About-Section5-Carousel-RRT-Img2.webp\" alt=\"\" \/><\/div><div class=\"slick-slide ratio-1x1 ratio-lg-16x9\"><img decoding=\"async\" class=\"img-fluid object-fit-cover\" src=\"https:\/\/rovelotireusa.com\/wp-content\/uploads\/2025\/06\/About-Section5-Carousel-AV-Img5.webp\" alt=\"\" \/><\/div>  <\/div>\n  <div class=\"navigation-arrows\">\n      <a type=\"button\" class='slick-prev'>\n      <svg width=\"48\" height=\"48\" viewBox=\"0 0 48 48\" fill=\"none\" xmlns=\"http:\/\/www.w3.org\/2000\/svg\">\n          <rect x=\"1\" y=\"1\" width=\"46\" height=\"46\" rx=\"23\" fill=\"#10170E\"\/>\n          <rect x=\"1\" y=\"1\" width=\"46\" height=\"46\" rx=\"23\" stroke=\"#10170E\" stroke-width=\"2\" \/>\n          <path d=\"M26 16L18 24L26 32\" stroke=\"#DDA527\" stroke-width=\"2.06897\" stroke-linecap=\"round\" class=\"nav-arrow\"\/>\n          <\/svg><\/a>\n      <a type=\"button\" class='slick-next'>\n      <svg width=\"48\" height=\"48\" viewBox=\"0 0 48 48\" fill=\"none\" xmlns=\"http:\/\/www.w3.org\/2000\/svg\">\n          <rect x=\"1\" y=\"1\" width=\"46\" height=\"46\" rx=\"23\" fill=\"#10170E\"\/>\n          <rect x=\"1\" y=\"1\" width=\"46\" height=\"46\" rx=\"23\" stroke=\"#10170E\" stroke-width=\"2\"\/>\n          <path d=\"M21 32L29 24L21 16\" stroke=\"#DDA527\" stroke-width=\"2.06897\" stroke-linecap=\"round\" class=\"nav-arrow\"\/>\n          <\/svg><\/a>\n  <\/div>\n\n<\/div>\n","protected":false},"excerpt":{"rendered":"<p>Sur la route du savoir Rovelo est un chef de file en mati\u00e8re de valeur exceptionnelle. La marque offre une vaste gamme de pneus de tailles courantes et convenant aux applications populaires pour voitures, camions, multisegments et VUS. L\u2019\u00e9quipe se concentre sur la fabrication de pneus de qualit\u00e9 sup\u00e9rieure qui proposent aux conducteurs au quotidien [&hellip;]<\/p>\n","protected":false},"author":1,"featured_media":0,"parent":0,"menu_order":0,"comment_status":"closed","ping_status":"closed","template":"","meta":{"_acf_changed":false,"footnotes":""},"class_list":["post-2221","page","type-page","status-publish","hentry"],"acf":[],"yoast_head":"<!-- This site is optimized with the Yoast SEO plugin v27.2 - https:\/\/yoast.com\/product\/yoast-seo-wordpress\/ -->\n<title>\u00c0 propos de Rovelo | Pneus Rovelo Canada<\/title>\n<meta name=\"description\" content=\"Rovelo est un chef de file en mati\u00e8re de valeur offrant une vaste gamme de pneus de tailles courantes et convenant aux applications populaires pour voitures, camions, multisegments et VUS. D\u00e9couvrez notre gamme compl\u00e8te de pneus d\u00e8s aujourd\u2019hui.\" \/>\n<meta name=\"robots\" content=\"index, follow, max-snippet:-1, max-image-preview:large, max-video-preview:-1\" \/>\n<link rel=\"canonical\" href=\"https:\/\/rovelotireusa.com\/fr-ca\/about\/\" \/>\n<meta property=\"og:locale\" content=\"fr_CA\" \/>\n<meta property=\"og:type\" content=\"article\" \/>\n<meta property=\"og:title\" content=\"\u00c0 propos de Rovelo | Pneus Rovelo Canada\" \/>\n<meta property=\"og:description\" content=\"Rovelo est un chef de file en mati\u00e8re de valeur offrant une vaste gamme de pneus de tailles courantes et convenant aux applications populaires pour voitures, camions, multisegments et VUS. D\u00e9couvrez notre gamme compl\u00e8te de pneus d\u00e8s aujourd\u2019hui.\" \/>\n<meta property=\"og:url\" content=\"https:\/\/rovelotireusa.com\/fr-ca\/about\/\" \/>\n<meta property=\"og:site_name\" content=\"Rovelo Tires Canada\" \/>\n<meta property=\"article:modified_time\" content=\"2025-08-19T13:48:33+00:00\" \/>\n<meta property=\"og:image\" content=\"https:\/\/rovelotire.ca\/wp-content\/uploads\/2025\/06\/about-bg-1024x469.jpg\" \/>\n<meta name=\"twitter:card\" content=\"summary_large_image\" \/>\n<meta name=\"twitter:label1\" content=\"Estimation du temps de lecture\" \/>\n\t<meta name=\"twitter:data1\" content=\"2 minutes\" \/>\n<script type=\"application\/ld+json\" class=\"yoast-schema-graph\">{\"@context\":\"https:\/\/schema.org\",\"@graph\":[{\"@type\":\"WebPage\",\"@id\":\"https:\/\/rovelotireusa.com\/fr-ca\/about\/\",\"url\":\"https:\/\/rovelotireusa.com\/fr-ca\/about\/\",\"name\":\"\u00c0 propos de Rovelo | Pneus Rovelo Canada\",\"isPartOf\":{\"@id\":\"https:\/\/rovelotire.ca\/en\/#website\"},\"primaryImageOfPage\":{\"@id\":\"https:\/\/rovelotireusa.com\/fr-ca\/about\/#primaryimage\"},\"image\":{\"@id\":\"https:\/\/rovelotireusa.com\/fr-ca\/about\/#primaryimage\"},\"thumbnailUrl\":\"https:\/\/rovelotire.ca\/wp-content\/uploads\/2025\/06\/about-bg-1024x469.jpg\",\"datePublished\":\"2025-04-09T14:13:55+00:00\",\"dateModified\":\"2025-08-19T13:48:33+00:00\",\"description\":\"Rovelo est un chef de file en mati\u00e8re de valeur offrant une vaste gamme de pneus de tailles courantes et convenant aux applications populaires pour voitures, camions, multisegments et VUS. D\u00e9couvrez notre gamme compl\u00e8te de pneus d\u00e8s aujourd\u2019hui.\",\"breadcrumb\":{\"@id\":\"https:\/\/rovelotireusa.com\/fr-ca\/about\/#breadcrumb\"},\"inLanguage\":\"fr-CA\",\"potentialAction\":[{\"@type\":\"ReadAction\",\"target\":[\"https:\/\/rovelotireusa.com\/fr-ca\/about\/\"]}]},{\"@type\":\"ImageObject\",\"inLanguage\":\"fr-CA\",\"@id\":\"https:\/\/rovelotireusa.com\/fr-ca\/about\/#primaryimage\",\"url\":\"https:\/\/rovelotire.ca\/wp-content\/uploads\/2025\/06\/about-bg-1024x469.jpg\",\"contentUrl\":\"https:\/\/rovelotire.ca\/wp-content\/uploads\/2025\/06\/about-bg-1024x469.jpg\"},{\"@type\":\"BreadcrumbList\",\"@id\":\"https:\/\/rovelotireusa.com\/fr-ca\/about\/#breadcrumb\",\"itemListElement\":[{\"@type\":\"ListItem\",\"position\":1,\"name\":\"Home\",\"item\":\"https:\/\/rovelotire.ca\/fr-ca\/\"},{\"@type\":\"ListItem\",\"position\":2,\"name\":\"\u00c0 propos\"}]},{\"@type\":\"WebSite\",\"@id\":\"https:\/\/rovelotire.ca\/en\/#website\",\"url\":\"https:\/\/rovelotire.ca\/en\/\",\"name\":\"Rovelo Tires Canada\",\"description\":\"\",\"publisher\":{\"@id\":\"https:\/\/rovelotire.ca\/en\/#organization\"},\"alternateName\":\"Rovelo Tires Canada\",\"potentialAction\":[{\"@type\":\"SearchAction\",\"target\":{\"@type\":\"EntryPoint\",\"urlTemplate\":\"https:\/\/rovelotire.ca\/en\/?s={search_term_string}\"},\"query-input\":{\"@type\":\"PropertyValueSpecification\",\"valueRequired\":true,\"valueName\":\"search_term_string\"}}],\"inLanguage\":\"fr-CA\"},{\"@type\":\"Organization\",\"@id\":\"https:\/\/rovelotire.ca\/en\/#organization\",\"name\":\"Rovelo Tires Canada\",\"url\":\"https:\/\/rovelotire.ca\/en\/\",\"logo\":{\"@type\":\"ImageObject\",\"inLanguage\":\"fr-CA\",\"@id\":\"https:\/\/rovelotire.ca\/en\/#\/schema\/logo\/image\/\",\"url\":\"https:\/\/rovelotireusa.com\/wp-content\/uploads\/2025\/04\/rovelo-logo.svg\",\"contentUrl\":\"https:\/\/rovelotireusa.com\/wp-content\/uploads\/2025\/04\/rovelo-logo.svg\",\"caption\":\"Rovelo Tires Canada\"},\"image\":{\"@id\":\"https:\/\/rovelotire.ca\/en\/#\/schema\/logo\/image\/\"}}]}<\/script>\n<!-- \/ Yoast SEO plugin. -->","yoast_head_json":{"title":"\u00c0 propos de Rovelo | Pneus Rovelo Canada","description":"Rovelo est un chef de file en mati\u00e8re de valeur offrant une vaste gamme de pneus de tailles courantes et convenant aux applications populaires pour voitures, camions, multisegments et VUS. D\u00e9couvrez notre gamme compl\u00e8te de pneus d\u00e8s aujourd\u2019hui.","robots":{"index":"index","follow":"follow","max-snippet":"max-snippet:-1","max-image-preview":"max-image-preview:large","max-video-preview":"max-video-preview:-1"},"canonical":"https:\/\/rovelotireusa.com\/fr-ca\/about\/","og_locale":"fr_CA","og_type":"article","og_title":"\u00c0 propos de Rovelo | Pneus Rovelo Canada","og_description":"Rovelo est un chef de file en mati\u00e8re de valeur offrant une vaste gamme de pneus de tailles courantes et convenant aux applications populaires pour voitures, camions, multisegments et VUS. D\u00e9couvrez notre gamme compl\u00e8te de pneus d\u00e8s aujourd\u2019hui.","og_url":"https:\/\/rovelotireusa.com\/fr-ca\/about\/","og_site_name":"Rovelo Tires Canada","article_modified_time":"2025-08-19T13:48:33+00:00","og_image":[{"url":"https:\/\/rovelotire.ca\/wp-content\/uploads\/2025\/06\/about-bg-1024x469.jpg","type":"","width":"","height":""}],"twitter_card":"summary_large_image","twitter_misc":{"Estimation du temps de lecture":"2 minutes"},"schema":{"@context":"https:\/\/schema.org","@graph":[{"@type":"WebPage","@id":"https:\/\/rovelotireusa.com\/fr-ca\/about\/","url":"https:\/\/rovelotireusa.com\/fr-ca\/about\/","name":"\u00c0 propos de Rovelo | Pneus Rovelo Canada","isPartOf":{"@id":"https:\/\/rovelotire.ca\/en\/#website"},"primaryImageOfPage":{"@id":"https:\/\/rovelotireusa.com\/fr-ca\/about\/#primaryimage"},"image":{"@id":"https:\/\/rovelotireusa.com\/fr-ca\/about\/#primaryimage"},"thumbnailUrl":"https:\/\/rovelotire.ca\/wp-content\/uploads\/2025\/06\/about-bg-1024x469.jpg","datePublished":"2025-04-09T14:13:55+00:00","dateModified":"2025-08-19T13:48:33+00:00","description":"Rovelo est un chef de file en mati\u00e8re de valeur offrant une vaste gamme de pneus de tailles courantes et convenant aux applications populaires pour voitures, camions, multisegments et VUS. D\u00e9couvrez notre gamme compl\u00e8te de pneus d\u00e8s aujourd\u2019hui.","breadcrumb":{"@id":"https:\/\/rovelotireusa.com\/fr-ca\/about\/#breadcrumb"},"inLanguage":"fr-CA","potentialAction":[{"@type":"ReadAction","target":["https:\/\/rovelotireusa.com\/fr-ca\/about\/"]}]},{"@type":"ImageObject","inLanguage":"fr-CA","@id":"https:\/\/rovelotireusa.com\/fr-ca\/about\/#primaryimage","url":"https:\/\/rovelotire.ca\/wp-content\/uploads\/2025\/06\/about-bg-1024x469.jpg","contentUrl":"https:\/\/rovelotire.ca\/wp-content\/uploads\/2025\/06\/about-bg-1024x469.jpg"},{"@type":"BreadcrumbList","@id":"https:\/\/rovelotireusa.com\/fr-ca\/about\/#breadcrumb","itemListElement":[{"@type":"ListItem","position":1,"name":"Home","item":"https:\/\/rovelotire.ca\/fr-ca\/"},{"@type":"ListItem","position":2,"name":"\u00c0 propos"}]},{"@type":"WebSite","@id":"https:\/\/rovelotire.ca\/en\/#website","url":"https:\/\/rovelotire.ca\/en\/","name":"Rovelo Tires Canada","description":"","publisher":{"@id":"https:\/\/rovelotire.ca\/en\/#organization"},"alternateName":"Rovelo Tires Canada","potentialAction":[{"@type":"SearchAction","target":{"@type":"EntryPoint","urlTemplate":"https:\/\/rovelotire.ca\/en\/?s={search_term_string}"},"query-input":{"@type":"PropertyValueSpecification","valueRequired":true,"valueName":"search_term_string"}}],"inLanguage":"fr-CA"},{"@type":"Organization","@id":"https:\/\/rovelotire.ca\/en\/#organization","name":"Rovelo Tires Canada","url":"https:\/\/rovelotire.ca\/en\/","logo":{"@type":"ImageObject","inLanguage":"fr-CA","@id":"https:\/\/rovelotire.ca\/en\/#\/schema\/logo\/image\/","url":"https:\/\/rovelotireusa.com\/wp-content\/uploads\/2025\/04\/rovelo-logo.svg","contentUrl":"https:\/\/rovelotireusa.com\/wp-content\/uploads\/2025\/04\/rovelo-logo.svg","caption":"Rovelo Tires Canada"},"image":{"@id":"https:\/\/rovelotire.ca\/en\/#\/schema\/logo\/image\/"}}]}},"_links":{"self":[{"href":"https:\/\/rovelotireusa.com\/fr-ca\/wp-json\/wp\/v2\/pages\/2221","targetHints":{"allow":["GET"]}}],"collection":[{"href":"https:\/\/rovelotireusa.com\/fr-ca\/wp-json\/wp\/v2\/pages"}],"about":[{"href":"https:\/\/rovelotireusa.com\/fr-ca\/wp-json\/wp\/v2\/types\/page"}],"author":[{"embeddable":true,"href":"https:\/\/rovelotireusa.com\/fr-ca\/wp-json\/wp\/v2\/users\/1"}],"replies":[{"embeddable":true,"href":"https:\/\/rovelotireusa.com\/fr-ca\/wp-json\/wp\/v2\/comments?post=2221"}],"version-history":[{"count":3,"href":"https:\/\/rovelotireusa.com\/fr-ca\/wp-json\/wp\/v2\/pages\/2221\/revisions"}],"predecessor-version":[{"id":2231,"href":"https:\/\/rovelotireusa.com\/fr-ca\/wp-json\/wp\/v2\/pages\/2221\/revisions\/2231"}],"wp:attachment":[{"href":"https:\/\/rovelotireusa.com\/fr-ca\/wp-json\/wp\/v2\/media?parent=2221"}],"curies":[{"name":"wp","href":"https:\/\/api.w.org\/{rel}","templated":true}]}}