{"id":2215,"date":"2025-04-09T14:13:01","date_gmt":"2025-04-09T14:13:01","guid":{"rendered":"https:\/\/rovelotire.ca\/tous-les-pneus\/pneus-dhiver\/"},"modified":"2025-08-19T13:47:50","modified_gmt":"2025-08-19T13:47:50","slug":"pneus-dhiver","status":"publish","type":"page","link":"https:\/\/rovelotireusa.com\/fr-ca\/tous-les-pneus\/pneus-dhiver\/","title":{"rendered":"Pneus d\u2019hiver"},"content":{"rendered":"\n<div class=\"wp-block-cover has-custom-content-position is-position-top-center has-dark-color has-text-color has-link-color wp-elements-8cdda4576cb8e1bf23f4230f2053bb82\" style=\"min-height:600px;aspect-ratio:unset;\"><img loading=\"lazy\" decoding=\"async\" width=\"1024\" height=\"981\" class=\"wp-block-cover__image-background wp-image-279 size-large\" alt=\"Car driving in winter\" src=\"https:\/\/rovelotire.ca\/wp-content\/uploads\/2025\/05\/PLP-Section2-About-Winter-Background-1024x981.webp\" style=\"object-position:50% 80%\" data-object-fit=\"cover\" data-object-position=\"50% 80%\"\/><span aria-hidden=\"true\" class=\"wp-block-cover__background has-background-dim-100 has-background-dim wp-block-cover__gradient-background has-background-gradient has-light-fade-gradient-background\"><\/span><div class=\"wp-block-cover__inner-container\">\n<div class=\"wp-block-group container mt-5 mb-5\">\n<div class=\"wp-block-group col-lg-8 m-auto\">\n<h2 class=\"wp-block-heading has-text-align-center has-primary-color has-text-color has-link-color has-large-font-size wp-elements-4e7ba4ad05757707014beaa90489f7c0\"><strong>Sp\u00e9cialement con\u00e7us pour l\u2019hiver<\/strong><\/h2>\n\n\n\n<p class=\"has-text-align-center\">Con\u00e7us par des experts \u00e0 partir de compos\u00e9s de caoutchouc sp\u00e9cialis\u00e9s, les pneus d\u2019hiver Rovelo offrent une capacit\u00e9 de freinage, une prise de virage et une adh\u00e9rence fiables sur les routes recouvertes de neige, de neige fondante et de glace.<\/p>\n<\/div>\n<\/div>\n<\/div><\/div>\n","protected":false},"excerpt":{"rendered":"","protected":false},"author":1,"featured_media":0,"parent":546,"menu_order":0,"comment_status":"closed","ping_status":"closed","template":"page-tires.php","meta":{"_acf_changed":false,"footnotes":""},"class_list":["post-2215","page","type-page","status-publish","hentry"],"acf":[],"yoast_head":"<!-- This site is optimized with the Yoast SEO plugin v27.2 - https:\/\/yoast.com\/product\/yoast-seo-wordpress\/ -->\n<title>Pneus d\u2019hiver et \u00e0 neige | Pneus Rovelo Canada<\/title>\n<meta name=\"description\" content=\"Les pneus d\u2019hiver et \u00e0 neige de Rovelo sont con\u00e7us pour offrir une conduite hivernale s\u00e9curitaire dans toutes les conditions glac\u00e9es et enneig\u00e9es. D\u00e9couvrez notre s\u00e9lection de pneus d\u2019hiver sans crampons ou pouvant \u00eatre \u00e9quip\u00e9s de crampons.\" \/>\n<meta name=\"robots\" content=\"index, follow, max-snippet:-1, max-image-preview:large, max-video-preview:-1\" \/>\n<link rel=\"canonical\" href=\"https:\/\/rovelotireusa.com\/fr-ca\/tous-les-pneus\/pneus-dhiver\/\" \/>\n<meta property=\"og:locale\" content=\"fr_CA\" \/>\n<meta property=\"og:type\" content=\"article\" \/>\n<meta property=\"og:title\" content=\"Pneus d\u2019hiver et \u00e0 neige | Pneus Rovelo Canada\" \/>\n<meta property=\"og:description\" content=\"Les pneus d\u2019hiver et \u00e0 neige de Rovelo sont con\u00e7us pour offrir une conduite hivernale s\u00e9curitaire dans toutes les conditions glac\u00e9es et enneig\u00e9es. D\u00e9couvrez notre s\u00e9lection de pneus d\u2019hiver sans crampons ou pouvant \u00eatre \u00e9quip\u00e9s de crampons.\" \/>\n<meta property=\"og:url\" content=\"https:\/\/rovelotireusa.com\/fr-ca\/tous-les-pneus\/pneus-dhiver\/\" \/>\n<meta property=\"og:site_name\" content=\"Rovelo Tires Canada\" \/>\n<meta property=\"article:modified_time\" content=\"2025-08-19T13:47:50+00:00\" \/>\n<meta property=\"og:image\" content=\"https:\/\/rovelotire.ca\/wp-content\/uploads\/2025\/05\/PLP-Section2-About-Winter-Background-1024x981.webp\" \/>\n<meta name=\"twitter:card\" content=\"summary_large_image\" \/>\n<meta name=\"twitter:label1\" content=\"Estimation du temps de lecture\" \/>\n\t<meta name=\"twitter:data1\" content=\"1 minute\" \/>\n<script type=\"application\/ld+json\" class=\"yoast-schema-graph\">{\"@context\":\"https:\/\/schema.org\",\"@graph\":[{\"@type\":\"WebPage\",\"@id\":\"https:\/\/rovelotireusa.com\/fr-ca\/tous-les-pneus\/pneus-dhiver\/\",\"url\":\"https:\/\/rovelotireusa.com\/fr-ca\/tous-les-pneus\/pneus-dhiver\/\",\"name\":\"Pneus d\u2019hiver et \u00e0 neige | Pneus Rovelo Canada\",\"isPartOf\":{\"@id\":\"https:\/\/rovelotire.ca\/en\/#website\"},\"primaryImageOfPage\":{\"@id\":\"https:\/\/rovelotireusa.com\/fr-ca\/tous-les-pneus\/pneus-dhiver\/#primaryimage\"},\"image\":{\"@id\":\"https:\/\/rovelotireusa.com\/fr-ca\/tous-les-pneus\/pneus-dhiver\/#primaryimage\"},\"thumbnailUrl\":\"https:\/\/rovelotire.ca\/wp-content\/uploads\/2025\/05\/PLP-Section2-About-Winter-Background-1024x981.webp\",\"datePublished\":\"2025-04-09T14:13:01+00:00\",\"dateModified\":\"2025-08-19T13:47:50+00:00\",\"description\":\"Les pneus d\u2019hiver et \u00e0 neige de Rovelo sont con\u00e7us pour offrir une conduite hivernale s\u00e9curitaire dans toutes les conditions glac\u00e9es et enneig\u00e9es. D\u00e9couvrez notre s\u00e9lection de pneus d\u2019hiver sans crampons ou pouvant \u00eatre \u00e9quip\u00e9s de crampons.\",\"breadcrumb\":{\"@id\":\"https:\/\/rovelotireusa.com\/fr-ca\/tous-les-pneus\/pneus-dhiver\/#breadcrumb\"},\"inLanguage\":\"fr-CA\",\"potentialAction\":[{\"@type\":\"ReadAction\",\"target\":[\"https:\/\/rovelotireusa.com\/fr-ca\/tous-les-pneus\/pneus-dhiver\/\"]}]},{\"@type\":\"ImageObject\",\"inLanguage\":\"fr-CA\",\"@id\":\"https:\/\/rovelotireusa.com\/fr-ca\/tous-les-pneus\/pneus-dhiver\/#primaryimage\",\"url\":\"https:\/\/rovelotire.ca\/wp-content\/uploads\/2025\/05\/PLP-Section2-About-Winter-Background-1024x981.webp\",\"contentUrl\":\"https:\/\/rovelotire.ca\/wp-content\/uploads\/2025\/05\/PLP-Section2-About-Winter-Background-1024x981.webp\"},{\"@type\":\"BreadcrumbList\",\"@id\":\"https:\/\/rovelotireusa.com\/fr-ca\/tous-les-pneus\/pneus-dhiver\/#breadcrumb\",\"itemListElement\":[{\"@type\":\"ListItem\",\"position\":1,\"name\":\"Home\",\"item\":\"https:\/\/rovelotire.ca\/fr-ca\/\"},{\"@type\":\"ListItem\",\"position\":2,\"name\":\"Tous les pneus\",\"item\":\"https:\/\/rovelotireusa.com\/fr-ca\/tous-les-pneus\/\"},{\"@type\":\"ListItem\",\"position\":3,\"name\":\"Pneus d\u2019hiver\"}]},{\"@type\":\"WebSite\",\"@id\":\"https:\/\/rovelotire.ca\/en\/#website\",\"url\":\"https:\/\/rovelotire.ca\/en\/\",\"name\":\"Rovelo Tires Canada\",\"description\":\"\",\"publisher\":{\"@id\":\"https:\/\/rovelotire.ca\/en\/#organization\"},\"alternateName\":\"Rovelo Tires Canada\",\"potentialAction\":[{\"@type\":\"SearchAction\",\"target\":{\"@type\":\"EntryPoint\",\"urlTemplate\":\"https:\/\/rovelotire.ca\/en\/?s={search_term_string}\"},\"query-input\":{\"@type\":\"PropertyValueSpecification\",\"valueRequired\":true,\"valueName\":\"search_term_string\"}}],\"inLanguage\":\"fr-CA\"},{\"@type\":\"Organization\",\"@id\":\"https:\/\/rovelotire.ca\/en\/#organization\",\"name\":\"Rovelo Tires Canada\",\"url\":\"https:\/\/rovelotire.ca\/en\/\",\"logo\":{\"@type\":\"ImageObject\",\"inLanguage\":\"fr-CA\",\"@id\":\"https:\/\/rovelotire.ca\/en\/#\/schema\/logo\/image\/\",\"url\":\"https:\/\/rovelotireusa.com\/wp-content\/uploads\/2025\/04\/rovelo-logo.svg\",\"contentUrl\":\"https:\/\/rovelotireusa.com\/wp-content\/uploads\/2025\/04\/rovelo-logo.svg\",\"caption\":\"Rovelo Tires Canada\"},\"image\":{\"@id\":\"https:\/\/rovelotire.ca\/en\/#\/schema\/logo\/image\/\"}}]}<\/script>\n<!-- \/ Yoast SEO plugin. -->","yoast_head_json":{"title":"Pneus d\u2019hiver et \u00e0 neige | Pneus Rovelo Canada","description":"Les pneus d\u2019hiver et \u00e0 neige de Rovelo sont con\u00e7us pour offrir une conduite hivernale s\u00e9curitaire dans toutes les conditions glac\u00e9es et enneig\u00e9es. D\u00e9couvrez notre s\u00e9lection de pneus d\u2019hiver sans crampons ou pouvant \u00eatre \u00e9quip\u00e9s de crampons.","robots":{"index":"index","follow":"follow","max-snippet":"max-snippet:-1","max-image-preview":"max-image-preview:large","max-video-preview":"max-video-preview:-1"},"canonical":"https:\/\/rovelotireusa.com\/fr-ca\/tous-les-pneus\/pneus-dhiver\/","og_locale":"fr_CA","og_type":"article","og_title":"Pneus d\u2019hiver et \u00e0 neige | Pneus Rovelo Canada","og_description":"Les pneus d\u2019hiver et \u00e0 neige de Rovelo sont con\u00e7us pour offrir une conduite hivernale s\u00e9curitaire dans toutes les conditions glac\u00e9es et enneig\u00e9es. D\u00e9couvrez notre s\u00e9lection de pneus d\u2019hiver sans crampons ou pouvant \u00eatre \u00e9quip\u00e9s de crampons.","og_url":"https:\/\/rovelotireusa.com\/fr-ca\/tous-les-pneus\/pneus-dhiver\/","og_site_name":"Rovelo Tires Canada","article_modified_time":"2025-08-19T13:47:50+00:00","og_image":[{"url":"https:\/\/rovelotire.ca\/wp-content\/uploads\/2025\/05\/PLP-Section2-About-Winter-Background-1024x981.webp","type":"","width":"","height":""}],"twitter_card":"summary_large_image","twitter_misc":{"Estimation du temps de lecture":"1 minute"},"schema":{"@context":"https:\/\/schema.org","@graph":[{"@type":"WebPage","@id":"https:\/\/rovelotireusa.com\/fr-ca\/tous-les-pneus\/pneus-dhiver\/","url":"https:\/\/rovelotireusa.com\/fr-ca\/tous-les-pneus\/pneus-dhiver\/","name":"Pneus d\u2019hiver et \u00e0 neige | Pneus Rovelo Canada","isPartOf":{"@id":"https:\/\/rovelotire.ca\/en\/#website"},"primaryImageOfPage":{"@id":"https:\/\/rovelotireusa.com\/fr-ca\/tous-les-pneus\/pneus-dhiver\/#primaryimage"},"image":{"@id":"https:\/\/rovelotireusa.com\/fr-ca\/tous-les-pneus\/pneus-dhiver\/#primaryimage"},"thumbnailUrl":"https:\/\/rovelotire.ca\/wp-content\/uploads\/2025\/05\/PLP-Section2-About-Winter-Background-1024x981.webp","datePublished":"2025-04-09T14:13:01+00:00","dateModified":"2025-08-19T13:47:50+00:00","description":"Les pneus d\u2019hiver et \u00e0 neige de Rovelo sont con\u00e7us pour offrir une conduite hivernale s\u00e9curitaire dans toutes les conditions glac\u00e9es et enneig\u00e9es. D\u00e9couvrez notre s\u00e9lection de pneus d\u2019hiver sans crampons ou pouvant \u00eatre \u00e9quip\u00e9s de crampons.","breadcrumb":{"@id":"https:\/\/rovelotireusa.com\/fr-ca\/tous-les-pneus\/pneus-dhiver\/#breadcrumb"},"inLanguage":"fr-CA","potentialAction":[{"@type":"ReadAction","target":["https:\/\/rovelotireusa.com\/fr-ca\/tous-les-pneus\/pneus-dhiver\/"]}]},{"@type":"ImageObject","inLanguage":"fr-CA","@id":"https:\/\/rovelotireusa.com\/fr-ca\/tous-les-pneus\/pneus-dhiver\/#primaryimage","url":"https:\/\/rovelotire.ca\/wp-content\/uploads\/2025\/05\/PLP-Section2-About-Winter-Background-1024x981.webp","contentUrl":"https:\/\/rovelotire.ca\/wp-content\/uploads\/2025\/05\/PLP-Section2-About-Winter-Background-1024x981.webp"},{"@type":"BreadcrumbList","@id":"https:\/\/rovelotireusa.com\/fr-ca\/tous-les-pneus\/pneus-dhiver\/#breadcrumb","itemListElement":[{"@type":"ListItem","position":1,"name":"Home","item":"https:\/\/rovelotire.ca\/fr-ca\/"},{"@type":"ListItem","position":2,"name":"Tous les pneus","item":"https:\/\/rovelotireusa.com\/fr-ca\/tous-les-pneus\/"},{"@type":"ListItem","position":3,"name":"Pneus d\u2019hiver"}]},{"@type":"WebSite","@id":"https:\/\/rovelotire.ca\/en\/#website","url":"https:\/\/rovelotire.ca\/en\/","name":"Rovelo Tires Canada","description":"","publisher":{"@id":"https:\/\/rovelotire.ca\/en\/#organization"},"alternateName":"Rovelo Tires Canada","potentialAction":[{"@type":"SearchAction","target":{"@type":"EntryPoint","urlTemplate":"https:\/\/rovelotire.ca\/en\/?s={search_term_string}"},"query-input":{"@type":"PropertyValueSpecification","valueRequired":true,"valueName":"search_term_string"}}],"inLanguage":"fr-CA"},{"@type":"Organization","@id":"https:\/\/rovelotire.ca\/en\/#organization","name":"Rovelo Tires Canada","url":"https:\/\/rovelotire.ca\/en\/","logo":{"@type":"ImageObject","inLanguage":"fr-CA","@id":"https:\/\/rovelotire.ca\/en\/#\/schema\/logo\/image\/","url":"https:\/\/rovelotireusa.com\/wp-content\/uploads\/2025\/04\/rovelo-logo.svg","contentUrl":"https:\/\/rovelotireusa.com\/wp-content\/uploads\/2025\/04\/rovelo-logo.svg","caption":"Rovelo Tires Canada"},"image":{"@id":"https:\/\/rovelotire.ca\/en\/#\/schema\/logo\/image\/"}}]}},"_links":{"self":[{"href":"https:\/\/rovelotireusa.com\/fr-ca\/wp-json\/wp\/v2\/pages\/2215","targetHints":{"allow":["GET"]}}],"collection":[{"href":"https:\/\/rovelotireusa.com\/fr-ca\/wp-json\/wp\/v2\/pages"}],"about":[{"href":"https:\/\/rovelotireusa.com\/fr-ca\/wp-json\/wp\/v2\/types\/page"}],"author":[{"embeddable":true,"href":"https:\/\/rovelotireusa.com\/fr-ca\/wp-json\/wp\/v2\/users\/1"}],"replies":[{"embeddable":true,"href":"https:\/\/rovelotireusa.com\/fr-ca\/wp-json\/wp\/v2\/comments?post=2215"}],"version-history":[{"count":1,"href":"https:\/\/rovelotireusa.com\/fr-ca\/wp-json\/wp\/v2\/pages\/2215\/revisions"}],"predecessor-version":[{"id":2216,"href":"https:\/\/rovelotireusa.com\/fr-ca\/wp-json\/wp\/v2\/pages\/2215\/revisions\/2216"}],"up":[{"embeddable":true,"href":"https:\/\/rovelotireusa.com\/fr-ca\/wp-json\/wp\/v2\/pages\/546"}],"wp:attachment":[{"href":"https:\/\/rovelotireusa.com\/fr-ca\/wp-json\/wp\/v2\/media?parent=2215"}],"curies":[{"name":"wp","href":"https:\/\/api.w.org\/{rel}","templated":true}]}}