{"id":2203,"date":"2025-04-09T14:11:58","date_gmt":"2025-04-09T14:11:58","guid":{"rendered":"https:\/\/rovelotire.ca\/tous-les-pneus\/pneus-toutes-saisons\/"},"modified":"2025-08-19T13:45:48","modified_gmt":"2025-08-19T13:45:48","slug":"pneus-toutes-saisons","status":"publish","type":"page","link":"https:\/\/rovelotireusa.com\/fr-ca\/tous-les-pneus\/pneus-toutes-saisons\/","title":{"rendered":"Pneus toutes saisons"},"content":{"rendered":"\n<div class=\"wp-block-cover has-custom-content-position is-position-top-center has-dark-color has-text-color has-link-color wp-elements-ef4f371628b59f730ef0e5e47022f085\" style=\"min-height:600px;aspect-ratio:unset;\"><img loading=\"lazy\" decoding=\"async\" width=\"1024\" height=\"981\" class=\"wp-block-cover__image-background wp-image-1525 size-large\" alt=\"\" src=\"https:\/\/rovelotire.ca\/wp-content\/uploads\/2025\/07\/PLP-Section3-About-AllSeason-Background-1024x981.webp\" style=\"object-position:51% 100%\" data-object-fit=\"cover\" data-object-position=\"51% 100%\"\/><span aria-hidden=\"true\" class=\"wp-block-cover__background has-background-dim-100 has-background-dim wp-block-cover__gradient-background has-background-gradient has-light-fade-gradient-background\"><\/span><div class=\"wp-block-cover__inner-container\">\n<div class=\"wp-block-group container mt-5 mb-5\">\n<div class=\"wp-block-group col-lg-8 m-auto\">\n<h2 class=\"wp-block-heading has-text-align-center has-primary-color has-text-color has-link-color has-large-font-size wp-elements-3caacd1c290b46bf52e34a5eb68ed12c\"><strong><strong>Sp\u00e9cialement con\u00e7us pour toutes les saisons<\/strong><\/strong><\/h2>\n\n\n\n<p class=\"has-text-align-center\">Les meilleurs pneus toutes saisons offrent des performances fiables dans des conditions m\u00e9t\u00e9orologiques tr\u00e8s vari\u00e9es. Con\u00e7us pour offrir confort et s\u00e9curit\u00e9 tout au long de l\u2019ann\u00e9e, les pneus Rovelo conservent leur flexibilit\u00e9 \u00e0 des temp\u00e9ratures variables pour une traction solide, une tenue de route fluide et un contr\u00f4le fiable sur chauss\u00e9e s\u00e8che ou mouill\u00e9e.<\/p>\n<\/div>\n<\/div>\n<\/div><\/div>\n","protected":false},"excerpt":{"rendered":"","protected":false},"author":1,"featured_media":0,"parent":546,"menu_order":0,"comment_status":"closed","ping_status":"closed","template":"page-tires.php","meta":{"_acf_changed":false,"footnotes":""},"class_list":["post-2203","page","type-page","status-publish","hentry"],"acf":[],"yoast_head":"<!-- This site is optimized with the Yoast SEO plugin v27.2 - https:\/\/yoast.com\/product\/yoast-seo-wordpress\/ -->\n<title>Pneus toutes saisons | Pneus Rovelo Canada<\/title>\n<meta name=\"description\" content=\"Les pneus toutes saisons de Rovelo combinent la technologie des pneus d\u2019hiver et d\u2019\u00e9t\u00e9 afin d\u2019assurer une conduite s\u00e9curitaire en tout temps, peu importe les conditions m\u00e9t\u00e9orologiques. D\u00e9couvrez notre s\u00e9lection de pneus toutes saisons d\u00e8s aujourd\u2019hui.\" \/>\n<meta name=\"robots\" content=\"index, follow, max-snippet:-1, max-image-preview:large, max-video-preview:-1\" \/>\n<link rel=\"canonical\" href=\"https:\/\/rovelotireusa.com\/fr-ca\/tous-les-pneus\/pneus-toutes-saisons\/\" \/>\n<meta property=\"og:locale\" content=\"fr_CA\" \/>\n<meta property=\"og:type\" content=\"article\" \/>\n<meta property=\"og:title\" content=\"Pneus toutes saisons | Pneus Rovelo Canada\" \/>\n<meta property=\"og:description\" content=\"Les pneus toutes saisons de Rovelo combinent la technologie des pneus d\u2019hiver et d\u2019\u00e9t\u00e9 afin d\u2019assurer une conduite s\u00e9curitaire en tout temps, peu importe les conditions m\u00e9t\u00e9orologiques. D\u00e9couvrez notre s\u00e9lection de pneus toutes saisons d\u00e8s aujourd\u2019hui.\" \/>\n<meta property=\"og:url\" content=\"https:\/\/rovelotireusa.com\/fr-ca\/tous-les-pneus\/pneus-toutes-saisons\/\" \/>\n<meta property=\"og:site_name\" content=\"Rovelo Tires Canada\" \/>\n<meta property=\"article:modified_time\" content=\"2025-08-19T13:45:48+00:00\" \/>\n<meta property=\"og:image\" content=\"https:\/\/rovelotire.ca\/wp-content\/uploads\/2025\/07\/PLP-Section3-About-AllSeason-Background-1024x981.webp\" \/>\n<meta name=\"twitter:card\" content=\"summary_large_image\" \/>\n<meta name=\"twitter:label1\" content=\"Estimation du temps de lecture\" \/>\n\t<meta name=\"twitter:data1\" content=\"1 minute\" \/>\n<script type=\"application\/ld+json\" class=\"yoast-schema-graph\">{\"@context\":\"https:\/\/schema.org\",\"@graph\":[{\"@type\":\"WebPage\",\"@id\":\"https:\/\/rovelotireusa.com\/fr-ca\/tous-les-pneus\/pneus-toutes-saisons\/\",\"url\":\"https:\/\/rovelotireusa.com\/fr-ca\/tous-les-pneus\/pneus-toutes-saisons\/\",\"name\":\"Pneus toutes saisons | Pneus Rovelo Canada\",\"isPartOf\":{\"@id\":\"https:\/\/rovelotire.ca\/en\/#website\"},\"primaryImageOfPage\":{\"@id\":\"https:\/\/rovelotireusa.com\/fr-ca\/tous-les-pneus\/pneus-toutes-saisons\/#primaryimage\"},\"image\":{\"@id\":\"https:\/\/rovelotireusa.com\/fr-ca\/tous-les-pneus\/pneus-toutes-saisons\/#primaryimage\"},\"thumbnailUrl\":\"https:\/\/rovelotire.ca\/wp-content\/uploads\/2025\/07\/PLP-Section3-About-AllSeason-Background-1024x981.webp\",\"datePublished\":\"2025-04-09T14:11:58+00:00\",\"dateModified\":\"2025-08-19T13:45:48+00:00\",\"description\":\"Les pneus toutes saisons de Rovelo combinent la technologie des pneus d\u2019hiver et d\u2019\u00e9t\u00e9 afin d\u2019assurer une conduite s\u00e9curitaire en tout temps, peu importe les conditions m\u00e9t\u00e9orologiques. D\u00e9couvrez notre s\u00e9lection de pneus toutes saisons d\u00e8s aujourd\u2019hui.\",\"breadcrumb\":{\"@id\":\"https:\/\/rovelotireusa.com\/fr-ca\/tous-les-pneus\/pneus-toutes-saisons\/#breadcrumb\"},\"inLanguage\":\"fr-CA\",\"potentialAction\":[{\"@type\":\"ReadAction\",\"target\":[\"https:\/\/rovelotireusa.com\/fr-ca\/tous-les-pneus\/pneus-toutes-saisons\/\"]}]},{\"@type\":\"ImageObject\",\"inLanguage\":\"fr-CA\",\"@id\":\"https:\/\/rovelotireusa.com\/fr-ca\/tous-les-pneus\/pneus-toutes-saisons\/#primaryimage\",\"url\":\"https:\/\/rovelotire.ca\/wp-content\/uploads\/2025\/07\/PLP-Section3-About-AllSeason-Background-1024x981.webp\",\"contentUrl\":\"https:\/\/rovelotire.ca\/wp-content\/uploads\/2025\/07\/PLP-Section3-About-AllSeason-Background-1024x981.webp\"},{\"@type\":\"BreadcrumbList\",\"@id\":\"https:\/\/rovelotireusa.com\/fr-ca\/tous-les-pneus\/pneus-toutes-saisons\/#breadcrumb\",\"itemListElement\":[{\"@type\":\"ListItem\",\"position\":1,\"name\":\"Home\",\"item\":\"https:\/\/rovelotire.ca\/fr-ca\/\"},{\"@type\":\"ListItem\",\"position\":2,\"name\":\"Tous les pneus\",\"item\":\"https:\/\/rovelotireusa.com\/fr-ca\/tous-les-pneus\/\"},{\"@type\":\"ListItem\",\"position\":3,\"name\":\"Pneus toutes saisons\"}]},{\"@type\":\"WebSite\",\"@id\":\"https:\/\/rovelotire.ca\/en\/#website\",\"url\":\"https:\/\/rovelotire.ca\/en\/\",\"name\":\"Rovelo Tires Canada\",\"description\":\"\",\"publisher\":{\"@id\":\"https:\/\/rovelotire.ca\/en\/#organization\"},\"alternateName\":\"Rovelo Tires Canada\",\"potentialAction\":[{\"@type\":\"SearchAction\",\"target\":{\"@type\":\"EntryPoint\",\"urlTemplate\":\"https:\/\/rovelotire.ca\/en\/?s={search_term_string}\"},\"query-input\":{\"@type\":\"PropertyValueSpecification\",\"valueRequired\":true,\"valueName\":\"search_term_string\"}}],\"inLanguage\":\"fr-CA\"},{\"@type\":\"Organization\",\"@id\":\"https:\/\/rovelotire.ca\/en\/#organization\",\"name\":\"Rovelo Tires Canada\",\"url\":\"https:\/\/rovelotire.ca\/en\/\",\"logo\":{\"@type\":\"ImageObject\",\"inLanguage\":\"fr-CA\",\"@id\":\"https:\/\/rovelotire.ca\/en\/#\/schema\/logo\/image\/\",\"url\":\"https:\/\/rovelotireusa.com\/wp-content\/uploads\/2025\/04\/rovelo-logo.svg\",\"contentUrl\":\"https:\/\/rovelotireusa.com\/wp-content\/uploads\/2025\/04\/rovelo-logo.svg\",\"caption\":\"Rovelo Tires Canada\"},\"image\":{\"@id\":\"https:\/\/rovelotire.ca\/en\/#\/schema\/logo\/image\/\"}}]}<\/script>\n<!-- \/ Yoast SEO plugin. -->","yoast_head_json":{"title":"Pneus toutes saisons | Pneus Rovelo Canada","description":"Les pneus toutes saisons de Rovelo combinent la technologie des pneus d\u2019hiver et d\u2019\u00e9t\u00e9 afin d\u2019assurer une conduite s\u00e9curitaire en tout temps, peu importe les conditions m\u00e9t\u00e9orologiques. D\u00e9couvrez notre s\u00e9lection de pneus toutes saisons d\u00e8s aujourd\u2019hui.","robots":{"index":"index","follow":"follow","max-snippet":"max-snippet:-1","max-image-preview":"max-image-preview:large","max-video-preview":"max-video-preview:-1"},"canonical":"https:\/\/rovelotireusa.com\/fr-ca\/tous-les-pneus\/pneus-toutes-saisons\/","og_locale":"fr_CA","og_type":"article","og_title":"Pneus toutes saisons | Pneus Rovelo Canada","og_description":"Les pneus toutes saisons de Rovelo combinent la technologie des pneus d\u2019hiver et d\u2019\u00e9t\u00e9 afin d\u2019assurer une conduite s\u00e9curitaire en tout temps, peu importe les conditions m\u00e9t\u00e9orologiques. D\u00e9couvrez notre s\u00e9lection de pneus toutes saisons d\u00e8s aujourd\u2019hui.","og_url":"https:\/\/rovelotireusa.com\/fr-ca\/tous-les-pneus\/pneus-toutes-saisons\/","og_site_name":"Rovelo Tires Canada","article_modified_time":"2025-08-19T13:45:48+00:00","og_image":[{"url":"https:\/\/rovelotire.ca\/wp-content\/uploads\/2025\/07\/PLP-Section3-About-AllSeason-Background-1024x981.webp","type":"","width":"","height":""}],"twitter_card":"summary_large_image","twitter_misc":{"Estimation du temps de lecture":"1 minute"},"schema":{"@context":"https:\/\/schema.org","@graph":[{"@type":"WebPage","@id":"https:\/\/rovelotireusa.com\/fr-ca\/tous-les-pneus\/pneus-toutes-saisons\/","url":"https:\/\/rovelotireusa.com\/fr-ca\/tous-les-pneus\/pneus-toutes-saisons\/","name":"Pneus toutes saisons | Pneus Rovelo Canada","isPartOf":{"@id":"https:\/\/rovelotire.ca\/en\/#website"},"primaryImageOfPage":{"@id":"https:\/\/rovelotireusa.com\/fr-ca\/tous-les-pneus\/pneus-toutes-saisons\/#primaryimage"},"image":{"@id":"https:\/\/rovelotireusa.com\/fr-ca\/tous-les-pneus\/pneus-toutes-saisons\/#primaryimage"},"thumbnailUrl":"https:\/\/rovelotire.ca\/wp-content\/uploads\/2025\/07\/PLP-Section3-About-AllSeason-Background-1024x981.webp","datePublished":"2025-04-09T14:11:58+00:00","dateModified":"2025-08-19T13:45:48+00:00","description":"Les pneus toutes saisons de Rovelo combinent la technologie des pneus d\u2019hiver et d\u2019\u00e9t\u00e9 afin d\u2019assurer une conduite s\u00e9curitaire en tout temps, peu importe les conditions m\u00e9t\u00e9orologiques. D\u00e9couvrez notre s\u00e9lection de pneus toutes saisons d\u00e8s aujourd\u2019hui.","breadcrumb":{"@id":"https:\/\/rovelotireusa.com\/fr-ca\/tous-les-pneus\/pneus-toutes-saisons\/#breadcrumb"},"inLanguage":"fr-CA","potentialAction":[{"@type":"ReadAction","target":["https:\/\/rovelotireusa.com\/fr-ca\/tous-les-pneus\/pneus-toutes-saisons\/"]}]},{"@type":"ImageObject","inLanguage":"fr-CA","@id":"https:\/\/rovelotireusa.com\/fr-ca\/tous-les-pneus\/pneus-toutes-saisons\/#primaryimage","url":"https:\/\/rovelotire.ca\/wp-content\/uploads\/2025\/07\/PLP-Section3-About-AllSeason-Background-1024x981.webp","contentUrl":"https:\/\/rovelotire.ca\/wp-content\/uploads\/2025\/07\/PLP-Section3-About-AllSeason-Background-1024x981.webp"},{"@type":"BreadcrumbList","@id":"https:\/\/rovelotireusa.com\/fr-ca\/tous-les-pneus\/pneus-toutes-saisons\/#breadcrumb","itemListElement":[{"@type":"ListItem","position":1,"name":"Home","item":"https:\/\/rovelotire.ca\/fr-ca\/"},{"@type":"ListItem","position":2,"name":"Tous les pneus","item":"https:\/\/rovelotireusa.com\/fr-ca\/tous-les-pneus\/"},{"@type":"ListItem","position":3,"name":"Pneus toutes saisons"}]},{"@type":"WebSite","@id":"https:\/\/rovelotire.ca\/en\/#website","url":"https:\/\/rovelotire.ca\/en\/","name":"Rovelo Tires Canada","description":"","publisher":{"@id":"https:\/\/rovelotire.ca\/en\/#organization"},"alternateName":"Rovelo Tires Canada","potentialAction":[{"@type":"SearchAction","target":{"@type":"EntryPoint","urlTemplate":"https:\/\/rovelotire.ca\/en\/?s={search_term_string}"},"query-input":{"@type":"PropertyValueSpecification","valueRequired":true,"valueName":"search_term_string"}}],"inLanguage":"fr-CA"},{"@type":"Organization","@id":"https:\/\/rovelotire.ca\/en\/#organization","name":"Rovelo Tires Canada","url":"https:\/\/rovelotire.ca\/en\/","logo":{"@type":"ImageObject","inLanguage":"fr-CA","@id":"https:\/\/rovelotire.ca\/en\/#\/schema\/logo\/image\/","url":"https:\/\/rovelotireusa.com\/wp-content\/uploads\/2025\/04\/rovelo-logo.svg","contentUrl":"https:\/\/rovelotireusa.com\/wp-content\/uploads\/2025\/04\/rovelo-logo.svg","caption":"Rovelo Tires Canada"},"image":{"@id":"https:\/\/rovelotire.ca\/en\/#\/schema\/logo\/image\/"}}]}},"_links":{"self":[{"href":"https:\/\/rovelotireusa.com\/fr-ca\/wp-json\/wp\/v2\/pages\/2203","targetHints":{"allow":["GET"]}}],"collection":[{"href":"https:\/\/rovelotireusa.com\/fr-ca\/wp-json\/wp\/v2\/pages"}],"about":[{"href":"https:\/\/rovelotireusa.com\/fr-ca\/wp-json\/wp\/v2\/types\/page"}],"author":[{"embeddable":true,"href":"https:\/\/rovelotireusa.com\/fr-ca\/wp-json\/wp\/v2\/users\/1"}],"replies":[{"embeddable":true,"href":"https:\/\/rovelotireusa.com\/fr-ca\/wp-json\/wp\/v2\/comments?post=2203"}],"version-history":[{"count":1,"href":"https:\/\/rovelotireusa.com\/fr-ca\/wp-json\/wp\/v2\/pages\/2203\/revisions"}],"predecessor-version":[{"id":2204,"href":"https:\/\/rovelotireusa.com\/fr-ca\/wp-json\/wp\/v2\/pages\/2203\/revisions\/2204"}],"up":[{"embeddable":true,"href":"https:\/\/rovelotireusa.com\/fr-ca\/wp-json\/wp\/v2\/pages\/546"}],"wp:attachment":[{"href":"https:\/\/rovelotireusa.com\/fr-ca\/wp-json\/wp\/v2\/media?parent=2203"}],"curies":[{"name":"wp","href":"https:\/\/api.w.org\/{rel}","templated":true}]}}