{"id":2198,"date":"2025-04-09T14:11:43","date_gmt":"2025-04-09T14:11:43","guid":{"rendered":"https:\/\/rovelotire.ca\/tous-les-pneus\/pneus-de-remorque\/"},"modified":"2025-08-19T13:43:56","modified_gmt":"2025-08-19T13:43:56","slug":"pneus-de-remorque","status":"publish","type":"page","link":"https:\/\/rovelotireusa.com\/fr-ca\/tous-les-pneus\/pneus-de-remorque\/","title":{"rendered":"Pneus de remorque"},"content":{"rendered":"\n<div class=\"wp-block-cover has-custom-content-position is-position-top-center has-dark-color has-text-color has-link-color wp-elements-63b54c93ecf3505d5242e6aaeddaae63\" style=\"min-height:600px;aspect-ratio:unset;\"><img loading=\"lazy\" decoding=\"async\" width=\"1024\" height=\"981\" class=\"wp-block-cover__image-background wp-image-1535 size-large\" alt=\"\" src=\"https:\/\/rovelotire.ca\/wp-content\/uploads\/2025\/07\/PLP-Section3-About-Trailer-Background-1024x981.webp\" style=\"object-position:52% 100%\" data-object-fit=\"cover\" data-object-position=\"52% 100%\"\/><span aria-hidden=\"true\" class=\"wp-block-cover__background has-background-dim-100 has-background-dim wp-block-cover__gradient-background has-background-gradient has-light-fade-gradient-background\"><\/span><div class=\"wp-block-cover__inner-container\">\n<div class=\"wp-block-group container mt-5 mb-5\">\n<div class=\"wp-block-group col-lg-8 m-auto\">\n<h2 class=\"wp-block-heading has-text-align-center has-primary-color has-text-color has-link-color has-large-font-size wp-elements-6230311a969c3e1cf47df66560713e9e\"><strong><strong>Sp\u00e9cialement con\u00e7u pour les remorques<\/strong><\/strong><\/h2>\n\n\n\n<p class=\"has-text-align-center\">Con\u00e7us pour le remorquage intensif, les pneus de remorque Rovelo offrent une excellente capacit\u00e9 de charge, un meilleur contr\u00f4le de balancement et des performances fiables \u00e0 des vitesses d\u2019autoroute.<\/p>\n<\/div>\n<\/div>\n<\/div><\/div>\n","protected":false},"excerpt":{"rendered":"","protected":false},"author":1,"featured_media":0,"parent":546,"menu_order":0,"comment_status":"closed","ping_status":"closed","template":"page-tires.php","meta":{"_acf_changed":false,"footnotes":""},"class_list":["post-2198","page","type-page","status-publish","hentry"],"acf":[],"yoast_head":"<!-- This site is optimized with the Yoast SEO plugin v27.2 - https:\/\/yoast.com\/product\/yoast-seo-wordpress\/ -->\n<title>Pneus pour remorques\u00a0\u2013 Performance et prix abordable | Pneus Rovelo Canada<\/title>\n<meta name=\"description\" content=\"D\u00e9couvrez notre gamme compl\u00e8te de pneus pour remorques. Une performance abordable sur laquelle vous pouvez compter. Garantie concurrentielle, performance et fiabilit\u00e9 in\u00e9gal\u00e9es. Trouvez le pneu id\u00e9al d\u00e8s aujourd\u2019hui.\" \/>\n<meta name=\"robots\" content=\"index, follow, max-snippet:-1, max-image-preview:large, max-video-preview:-1\" \/>\n<link rel=\"canonical\" href=\"https:\/\/rovelotireusa.com\/fr-ca\/tous-les-pneus\/pneus-de-remorque\/\" \/>\n<meta property=\"og:locale\" content=\"fr_CA\" \/>\n<meta property=\"og:type\" content=\"article\" \/>\n<meta property=\"og:title\" content=\"Pneus pour remorques\u00a0\u2013 Performance et prix abordable | Pneus Rovelo Canada\" \/>\n<meta property=\"og:description\" content=\"D\u00e9couvrez notre gamme compl\u00e8te de pneus pour remorques. Une performance abordable sur laquelle vous pouvez compter. Garantie concurrentielle, performance et fiabilit\u00e9 in\u00e9gal\u00e9es. Trouvez le pneu id\u00e9al d\u00e8s aujourd\u2019hui.\" \/>\n<meta property=\"og:url\" content=\"https:\/\/rovelotireusa.com\/fr-ca\/tous-les-pneus\/pneus-de-remorque\/\" \/>\n<meta property=\"og:site_name\" content=\"Rovelo Tires Canada\" \/>\n<meta property=\"article:modified_time\" content=\"2025-08-19T13:43:56+00:00\" \/>\n<meta property=\"og:image\" content=\"https:\/\/rovelotire.ca\/wp-content\/uploads\/2025\/07\/PLP-Section3-About-Trailer-Background-1024x981.webp\" \/>\n<meta name=\"twitter:card\" content=\"summary_large_image\" \/>\n<meta name=\"twitter:label1\" content=\"Estimation du temps de lecture\" \/>\n\t<meta name=\"twitter:data1\" content=\"1 minute\" \/>\n<script type=\"application\/ld+json\" class=\"yoast-schema-graph\">{\"@context\":\"https:\/\/schema.org\",\"@graph\":[{\"@type\":\"WebPage\",\"@id\":\"https:\/\/rovelotireusa.com\/fr-ca\/tous-les-pneus\/pneus-de-remorque\/\",\"url\":\"https:\/\/rovelotireusa.com\/fr-ca\/tous-les-pneus\/pneus-de-remorque\/\",\"name\":\"Pneus pour remorques\u00a0\u2013 Performance et prix abordable | Pneus Rovelo Canada\",\"isPartOf\":{\"@id\":\"https:\/\/rovelotire.ca\/en\/#website\"},\"primaryImageOfPage\":{\"@id\":\"https:\/\/rovelotireusa.com\/fr-ca\/tous-les-pneus\/pneus-de-remorque\/#primaryimage\"},\"image\":{\"@id\":\"https:\/\/rovelotireusa.com\/fr-ca\/tous-les-pneus\/pneus-de-remorque\/#primaryimage\"},\"thumbnailUrl\":\"https:\/\/rovelotire.ca\/wp-content\/uploads\/2025\/07\/PLP-Section3-About-Trailer-Background-1024x981.webp\",\"datePublished\":\"2025-04-09T14:11:43+00:00\",\"dateModified\":\"2025-08-19T13:43:56+00:00\",\"description\":\"D\u00e9couvrez notre gamme compl\u00e8te de pneus pour remorques. Une performance abordable sur laquelle vous pouvez compter. Garantie concurrentielle, performance et fiabilit\u00e9 in\u00e9gal\u00e9es. Trouvez le pneu id\u00e9al d\u00e8s aujourd\u2019hui.\",\"breadcrumb\":{\"@id\":\"https:\/\/rovelotireusa.com\/fr-ca\/tous-les-pneus\/pneus-de-remorque\/#breadcrumb\"},\"inLanguage\":\"fr-CA\",\"potentialAction\":[{\"@type\":\"ReadAction\",\"target\":[\"https:\/\/rovelotireusa.com\/fr-ca\/tous-les-pneus\/pneus-de-remorque\/\"]}]},{\"@type\":\"ImageObject\",\"inLanguage\":\"fr-CA\",\"@id\":\"https:\/\/rovelotireusa.com\/fr-ca\/tous-les-pneus\/pneus-de-remorque\/#primaryimage\",\"url\":\"https:\/\/rovelotire.ca\/wp-content\/uploads\/2025\/07\/PLP-Section3-About-Trailer-Background-1024x981.webp\",\"contentUrl\":\"https:\/\/rovelotire.ca\/wp-content\/uploads\/2025\/07\/PLP-Section3-About-Trailer-Background-1024x981.webp\"},{\"@type\":\"BreadcrumbList\",\"@id\":\"https:\/\/rovelotireusa.com\/fr-ca\/tous-les-pneus\/pneus-de-remorque\/#breadcrumb\",\"itemListElement\":[{\"@type\":\"ListItem\",\"position\":1,\"name\":\"Home\",\"item\":\"https:\/\/rovelotire.ca\/fr-ca\/\"},{\"@type\":\"ListItem\",\"position\":2,\"name\":\"Tous les pneus\",\"item\":\"https:\/\/rovelotireusa.com\/fr-ca\/tous-les-pneus\/\"},{\"@type\":\"ListItem\",\"position\":3,\"name\":\"Pneus de remorque\"}]},{\"@type\":\"WebSite\",\"@id\":\"https:\/\/rovelotire.ca\/en\/#website\",\"url\":\"https:\/\/rovelotire.ca\/en\/\",\"name\":\"Rovelo Tires Canada\",\"description\":\"\",\"publisher\":{\"@id\":\"https:\/\/rovelotire.ca\/en\/#organization\"},\"alternateName\":\"Rovelo Tires Canada\",\"potentialAction\":[{\"@type\":\"SearchAction\",\"target\":{\"@type\":\"EntryPoint\",\"urlTemplate\":\"https:\/\/rovelotire.ca\/en\/?s={search_term_string}\"},\"query-input\":{\"@type\":\"PropertyValueSpecification\",\"valueRequired\":true,\"valueName\":\"search_term_string\"}}],\"inLanguage\":\"fr-CA\"},{\"@type\":\"Organization\",\"@id\":\"https:\/\/rovelotire.ca\/en\/#organization\",\"name\":\"Rovelo Tires Canada\",\"url\":\"https:\/\/rovelotire.ca\/en\/\",\"logo\":{\"@type\":\"ImageObject\",\"inLanguage\":\"fr-CA\",\"@id\":\"https:\/\/rovelotire.ca\/en\/#\/schema\/logo\/image\/\",\"url\":\"https:\/\/rovelotireusa.com\/wp-content\/uploads\/2025\/04\/rovelo-logo.svg\",\"contentUrl\":\"https:\/\/rovelotireusa.com\/wp-content\/uploads\/2025\/04\/rovelo-logo.svg\",\"caption\":\"Rovelo Tires Canada\"},\"image\":{\"@id\":\"https:\/\/rovelotire.ca\/en\/#\/schema\/logo\/image\/\"}}]}<\/script>\n<!-- \/ Yoast SEO plugin. -->","yoast_head_json":{"title":"Pneus pour remorques\u00a0\u2013 Performance et prix abordable | Pneus Rovelo Canada","description":"D\u00e9couvrez notre gamme compl\u00e8te de pneus pour remorques. Une performance abordable sur laquelle vous pouvez compter. Garantie concurrentielle, performance et fiabilit\u00e9 in\u00e9gal\u00e9es. Trouvez le pneu id\u00e9al d\u00e8s aujourd\u2019hui.","robots":{"index":"index","follow":"follow","max-snippet":"max-snippet:-1","max-image-preview":"max-image-preview:large","max-video-preview":"max-video-preview:-1"},"canonical":"https:\/\/rovelotireusa.com\/fr-ca\/tous-les-pneus\/pneus-de-remorque\/","og_locale":"fr_CA","og_type":"article","og_title":"Pneus pour remorques\u00a0\u2013 Performance et prix abordable | Pneus Rovelo Canada","og_description":"D\u00e9couvrez notre gamme compl\u00e8te de pneus pour remorques. Une performance abordable sur laquelle vous pouvez compter. Garantie concurrentielle, performance et fiabilit\u00e9 in\u00e9gal\u00e9es. Trouvez le pneu id\u00e9al d\u00e8s aujourd\u2019hui.","og_url":"https:\/\/rovelotireusa.com\/fr-ca\/tous-les-pneus\/pneus-de-remorque\/","og_site_name":"Rovelo Tires Canada","article_modified_time":"2025-08-19T13:43:56+00:00","og_image":[{"url":"https:\/\/rovelotire.ca\/wp-content\/uploads\/2025\/07\/PLP-Section3-About-Trailer-Background-1024x981.webp","type":"","width":"","height":""}],"twitter_card":"summary_large_image","twitter_misc":{"Estimation du temps de lecture":"1 minute"},"schema":{"@context":"https:\/\/schema.org","@graph":[{"@type":"WebPage","@id":"https:\/\/rovelotireusa.com\/fr-ca\/tous-les-pneus\/pneus-de-remorque\/","url":"https:\/\/rovelotireusa.com\/fr-ca\/tous-les-pneus\/pneus-de-remorque\/","name":"Pneus pour remorques\u00a0\u2013 Performance et prix abordable | Pneus Rovelo Canada","isPartOf":{"@id":"https:\/\/rovelotire.ca\/en\/#website"},"primaryImageOfPage":{"@id":"https:\/\/rovelotireusa.com\/fr-ca\/tous-les-pneus\/pneus-de-remorque\/#primaryimage"},"image":{"@id":"https:\/\/rovelotireusa.com\/fr-ca\/tous-les-pneus\/pneus-de-remorque\/#primaryimage"},"thumbnailUrl":"https:\/\/rovelotire.ca\/wp-content\/uploads\/2025\/07\/PLP-Section3-About-Trailer-Background-1024x981.webp","datePublished":"2025-04-09T14:11:43+00:00","dateModified":"2025-08-19T13:43:56+00:00","description":"D\u00e9couvrez notre gamme compl\u00e8te de pneus pour remorques. Une performance abordable sur laquelle vous pouvez compter. Garantie concurrentielle, performance et fiabilit\u00e9 in\u00e9gal\u00e9es. Trouvez le pneu id\u00e9al d\u00e8s aujourd\u2019hui.","breadcrumb":{"@id":"https:\/\/rovelotireusa.com\/fr-ca\/tous-les-pneus\/pneus-de-remorque\/#breadcrumb"},"inLanguage":"fr-CA","potentialAction":[{"@type":"ReadAction","target":["https:\/\/rovelotireusa.com\/fr-ca\/tous-les-pneus\/pneus-de-remorque\/"]}]},{"@type":"ImageObject","inLanguage":"fr-CA","@id":"https:\/\/rovelotireusa.com\/fr-ca\/tous-les-pneus\/pneus-de-remorque\/#primaryimage","url":"https:\/\/rovelotire.ca\/wp-content\/uploads\/2025\/07\/PLP-Section3-About-Trailer-Background-1024x981.webp","contentUrl":"https:\/\/rovelotire.ca\/wp-content\/uploads\/2025\/07\/PLP-Section3-About-Trailer-Background-1024x981.webp"},{"@type":"BreadcrumbList","@id":"https:\/\/rovelotireusa.com\/fr-ca\/tous-les-pneus\/pneus-de-remorque\/#breadcrumb","itemListElement":[{"@type":"ListItem","position":1,"name":"Home","item":"https:\/\/rovelotire.ca\/fr-ca\/"},{"@type":"ListItem","position":2,"name":"Tous les pneus","item":"https:\/\/rovelotireusa.com\/fr-ca\/tous-les-pneus\/"},{"@type":"ListItem","position":3,"name":"Pneus de remorque"}]},{"@type":"WebSite","@id":"https:\/\/rovelotire.ca\/en\/#website","url":"https:\/\/rovelotire.ca\/en\/","name":"Rovelo Tires Canada","description":"","publisher":{"@id":"https:\/\/rovelotire.ca\/en\/#organization"},"alternateName":"Rovelo Tires Canada","potentialAction":[{"@type":"SearchAction","target":{"@type":"EntryPoint","urlTemplate":"https:\/\/rovelotire.ca\/en\/?s={search_term_string}"},"query-input":{"@type":"PropertyValueSpecification","valueRequired":true,"valueName":"search_term_string"}}],"inLanguage":"fr-CA"},{"@type":"Organization","@id":"https:\/\/rovelotire.ca\/en\/#organization","name":"Rovelo Tires Canada","url":"https:\/\/rovelotire.ca\/en\/","logo":{"@type":"ImageObject","inLanguage":"fr-CA","@id":"https:\/\/rovelotire.ca\/en\/#\/schema\/logo\/image\/","url":"https:\/\/rovelotireusa.com\/wp-content\/uploads\/2025\/04\/rovelo-logo.svg","contentUrl":"https:\/\/rovelotireusa.com\/wp-content\/uploads\/2025\/04\/rovelo-logo.svg","caption":"Rovelo Tires Canada"},"image":{"@id":"https:\/\/rovelotire.ca\/en\/#\/schema\/logo\/image\/"}}]}},"_links":{"self":[{"href":"https:\/\/rovelotireusa.com\/fr-ca\/wp-json\/wp\/v2\/pages\/2198","targetHints":{"allow":["GET"]}}],"collection":[{"href":"https:\/\/rovelotireusa.com\/fr-ca\/wp-json\/wp\/v2\/pages"}],"about":[{"href":"https:\/\/rovelotireusa.com\/fr-ca\/wp-json\/wp\/v2\/types\/page"}],"author":[{"embeddable":true,"href":"https:\/\/rovelotireusa.com\/fr-ca\/wp-json\/wp\/v2\/users\/1"}],"replies":[{"embeddable":true,"href":"https:\/\/rovelotireusa.com\/fr-ca\/wp-json\/wp\/v2\/comments?post=2198"}],"version-history":[{"count":4,"href":"https:\/\/rovelotireusa.com\/fr-ca\/wp-json\/wp\/v2\/pages\/2198\/revisions"}],"predecessor-version":[{"id":2202,"href":"https:\/\/rovelotireusa.com\/fr-ca\/wp-json\/wp\/v2\/pages\/2198\/revisions\/2202"}],"up":[{"embeddable":true,"href":"https:\/\/rovelotireusa.com\/fr-ca\/wp-json\/wp\/v2\/pages\/546"}],"wp:attachment":[{"href":"https:\/\/rovelotireusa.com\/fr-ca\/wp-json\/wp\/v2\/media?parent=2198"}],"curies":[{"name":"wp","href":"https:\/\/api.w.org\/{rel}","templated":true}]}}