{"id":2196,"date":"2025-04-09T14:11:30","date_gmt":"2025-04-09T14:11:30","guid":{"rendered":"https:\/\/rovelotire.ca\/tous-les-pneus\/pneus-de-camion-pneus-de-vus-pneus-de-vum\/"},"modified":"2025-08-19T13:42:39","modified_gmt":"2025-08-19T13:42:39","slug":"pneus-de-camion-pneus-de-vus-pneus-de-vum","status":"publish","type":"page","link":"https:\/\/rovelotireusa.com\/fr-ca\/tous-les-pneus\/pneus-de-camion-pneus-de-vus-pneus-de-vum\/","title":{"rendered":"Pneus de camion, pneus de VUS, pneus de VUM"},"content":{"rendered":"\n<div class=\"wp-block-cover has-custom-content-position is-position-top-center has-dark-color has-text-color has-link-color wp-elements-6bd1815515caf62b92c82fe1bd302636\" style=\"min-height:600px;aspect-ratio:unset;\"><img loading=\"lazy\" decoding=\"async\" width=\"1024\" height=\"981\" class=\"wp-block-cover__image-background wp-image-218 size-large\" alt=\"\" src=\"https:\/\/rovelotire.ca\/wp-content\/uploads\/2025\/05\/9b7828c0d6fc816d4ac542eafee79d1842d31767-1024x981.png\" style=\"object-position:55% 87%\" data-object-fit=\"cover\" data-object-position=\"55% 87%\"\/><span aria-hidden=\"true\" class=\"wp-block-cover__background has-background-dim-100 has-background-dim wp-block-cover__gradient-background has-background-gradient has-light-fade-gradient-background\"><\/span><div class=\"wp-block-cover__inner-container\">\n<div class=\"wp-block-group container mt-5 mb-5\">\n<div class=\"wp-block-group col-lg-8 m-auto\">\n<h2 class=\"wp-block-heading has-text-align-center has-primary-color has-text-color has-link-color has-large-font-size wp-elements-de79880256a9d9ef78608f82ff33d0e9\"><strong><strong>Con\u00e7u sp\u00e9cialement pour les camions, les VUS et les multisegments<\/strong><\/strong><\/h2>\n\n\n\n<p class=\"has-text-align-center\">Les pneus de camion tout-terrain de Rovelo offrent une excellente adh\u00e9rence, une capacit\u00e9 de charge \u00e9lev\u00e9e et une durabilit\u00e9 \u00e9prouv\u00e9e sur la route comme hors route.<\/p>\n<\/div>\n<\/div>\n<\/div><\/div>\n","protected":false},"excerpt":{"rendered":"","protected":false},"author":1,"featured_media":0,"parent":546,"menu_order":0,"comment_status":"closed","ping_status":"closed","template":"page-tires.php","meta":{"_acf_changed":false,"footnotes":""},"class_list":["post-2196","page","type-page","status-publish","hentry"],"acf":[],"yoast_head":"<!-- This site is optimized with the Yoast SEO plugin v27.2 - https:\/\/yoast.com\/product\/yoast-seo-wordpress\/ -->\n<title>Pneus pour camions, VUS, VUM | Pneus Rovelo Canada<\/title>\n<meta name=\"description\" content=\"D\u00e9couvrez notre gamme compl\u00e8te de pneus pour camions, VUS et VUM. Une performance abordable sur laquelle vous pouvez compter. Garantie concurrentielle, performance et fiabilit\u00e9 in\u00e9gal\u00e9es. Trouvez le pneu id\u00e9al d\u00e8s aujourd\u2019hui.\" \/>\n<meta name=\"robots\" content=\"index, follow, max-snippet:-1, max-image-preview:large, max-video-preview:-1\" \/>\n<link rel=\"canonical\" href=\"https:\/\/rovelotireusa.com\/fr-ca\/tous-les-pneus\/pneus-de-camion-pneus-de-vus-pneus-de-vum\/\" \/>\n<meta property=\"og:locale\" content=\"fr_CA\" \/>\n<meta property=\"og:type\" content=\"article\" \/>\n<meta property=\"og:title\" content=\"Pneus pour camions, VUS, VUM | Pneus Rovelo Canada\" \/>\n<meta property=\"og:description\" content=\"D\u00e9couvrez notre gamme compl\u00e8te de pneus pour camions, VUS et VUM. Une performance abordable sur laquelle vous pouvez compter. Garantie concurrentielle, performance et fiabilit\u00e9 in\u00e9gal\u00e9es. Trouvez le pneu id\u00e9al d\u00e8s aujourd\u2019hui.\" \/>\n<meta property=\"og:url\" content=\"https:\/\/rovelotireusa.com\/fr-ca\/tous-les-pneus\/pneus-de-camion-pneus-de-vus-pneus-de-vum\/\" \/>\n<meta property=\"og:site_name\" content=\"Rovelo Tires Canada\" \/>\n<meta property=\"article:modified_time\" content=\"2025-08-19T13:42:39+00:00\" \/>\n<meta property=\"og:image\" content=\"https:\/\/rovelotire.ca\/wp-content\/uploads\/2025\/05\/9b7828c0d6fc816d4ac542eafee79d1842d31767-1024x981.png\" \/>\n<meta name=\"twitter:card\" content=\"summary_large_image\" \/>\n<meta name=\"twitter:label1\" content=\"Estimation du temps de lecture\" \/>\n\t<meta name=\"twitter:data1\" content=\"1 minute\" \/>\n<script type=\"application\/ld+json\" class=\"yoast-schema-graph\">{\"@context\":\"https:\/\/schema.org\",\"@graph\":[{\"@type\":\"WebPage\",\"@id\":\"https:\/\/rovelotireusa.com\/fr-ca\/tous-les-pneus\/pneus-de-camion-pneus-de-vus-pneus-de-vum\/\",\"url\":\"https:\/\/rovelotireusa.com\/fr-ca\/tous-les-pneus\/pneus-de-camion-pneus-de-vus-pneus-de-vum\/\",\"name\":\"Pneus pour camions, VUS, VUM | Pneus Rovelo Canada\",\"isPartOf\":{\"@id\":\"https:\/\/rovelotire.ca\/en\/#website\"},\"primaryImageOfPage\":{\"@id\":\"https:\/\/rovelotireusa.com\/fr-ca\/tous-les-pneus\/pneus-de-camion-pneus-de-vus-pneus-de-vum\/#primaryimage\"},\"image\":{\"@id\":\"https:\/\/rovelotireusa.com\/fr-ca\/tous-les-pneus\/pneus-de-camion-pneus-de-vus-pneus-de-vum\/#primaryimage\"},\"thumbnailUrl\":\"https:\/\/rovelotire.ca\/wp-content\/uploads\/2025\/05\/9b7828c0d6fc816d4ac542eafee79d1842d31767-1024x981.png\",\"datePublished\":\"2025-04-09T14:11:30+00:00\",\"dateModified\":\"2025-08-19T13:42:39+00:00\",\"description\":\"D\u00e9couvrez notre gamme compl\u00e8te de pneus pour camions, VUS et VUM. Une performance abordable sur laquelle vous pouvez compter. Garantie concurrentielle, performance et fiabilit\u00e9 in\u00e9gal\u00e9es. Trouvez le pneu id\u00e9al d\u00e8s aujourd\u2019hui.\",\"breadcrumb\":{\"@id\":\"https:\/\/rovelotireusa.com\/fr-ca\/tous-les-pneus\/pneus-de-camion-pneus-de-vus-pneus-de-vum\/#breadcrumb\"},\"inLanguage\":\"fr-CA\",\"potentialAction\":[{\"@type\":\"ReadAction\",\"target\":[\"https:\/\/rovelotireusa.com\/fr-ca\/tous-les-pneus\/pneus-de-camion-pneus-de-vus-pneus-de-vum\/\"]}]},{\"@type\":\"ImageObject\",\"inLanguage\":\"fr-CA\",\"@id\":\"https:\/\/rovelotireusa.com\/fr-ca\/tous-les-pneus\/pneus-de-camion-pneus-de-vus-pneus-de-vum\/#primaryimage\",\"url\":\"https:\/\/rovelotire.ca\/wp-content\/uploads\/2025\/05\/9b7828c0d6fc816d4ac542eafee79d1842d31767-1024x981.png\",\"contentUrl\":\"https:\/\/rovelotire.ca\/wp-content\/uploads\/2025\/05\/9b7828c0d6fc816d4ac542eafee79d1842d31767-1024x981.png\"},{\"@type\":\"BreadcrumbList\",\"@id\":\"https:\/\/rovelotireusa.com\/fr-ca\/tous-les-pneus\/pneus-de-camion-pneus-de-vus-pneus-de-vum\/#breadcrumb\",\"itemListElement\":[{\"@type\":\"ListItem\",\"position\":1,\"name\":\"Home\",\"item\":\"https:\/\/rovelotire.ca\/fr-ca\/\"},{\"@type\":\"ListItem\",\"position\":2,\"name\":\"Tous les pneus\",\"item\":\"https:\/\/rovelotireusa.com\/fr-ca\/tous-les-pneus\/\"},{\"@type\":\"ListItem\",\"position\":3,\"name\":\"Pneus de camion, pneus de VUS, pneus de VUM\"}]},{\"@type\":\"WebSite\",\"@id\":\"https:\/\/rovelotire.ca\/en\/#website\",\"url\":\"https:\/\/rovelotire.ca\/en\/\",\"name\":\"Rovelo Tires Canada\",\"description\":\"\",\"publisher\":{\"@id\":\"https:\/\/rovelotire.ca\/en\/#organization\"},\"alternateName\":\"Rovelo Tires Canada\",\"potentialAction\":[{\"@type\":\"SearchAction\",\"target\":{\"@type\":\"EntryPoint\",\"urlTemplate\":\"https:\/\/rovelotire.ca\/en\/?s={search_term_string}\"},\"query-input\":{\"@type\":\"PropertyValueSpecification\",\"valueRequired\":true,\"valueName\":\"search_term_string\"}}],\"inLanguage\":\"fr-CA\"},{\"@type\":\"Organization\",\"@id\":\"https:\/\/rovelotire.ca\/en\/#organization\",\"name\":\"Rovelo Tires Canada\",\"url\":\"https:\/\/rovelotire.ca\/en\/\",\"logo\":{\"@type\":\"ImageObject\",\"inLanguage\":\"fr-CA\",\"@id\":\"https:\/\/rovelotire.ca\/en\/#\/schema\/logo\/image\/\",\"url\":\"https:\/\/rovelotireusa.com\/wp-content\/uploads\/2025\/04\/rovelo-logo.svg\",\"contentUrl\":\"https:\/\/rovelotireusa.com\/wp-content\/uploads\/2025\/04\/rovelo-logo.svg\",\"caption\":\"Rovelo Tires Canada\"},\"image\":{\"@id\":\"https:\/\/rovelotire.ca\/en\/#\/schema\/logo\/image\/\"}}]}<\/script>\n<!-- \/ Yoast SEO plugin. -->","yoast_head_json":{"title":"Pneus pour camions, VUS, VUM | Pneus Rovelo Canada","description":"D\u00e9couvrez notre gamme compl\u00e8te de pneus pour camions, VUS et VUM. Une performance abordable sur laquelle vous pouvez compter. Garantie concurrentielle, performance et fiabilit\u00e9 in\u00e9gal\u00e9es. Trouvez le pneu id\u00e9al d\u00e8s aujourd\u2019hui.","robots":{"index":"index","follow":"follow","max-snippet":"max-snippet:-1","max-image-preview":"max-image-preview:large","max-video-preview":"max-video-preview:-1"},"canonical":"https:\/\/rovelotireusa.com\/fr-ca\/tous-les-pneus\/pneus-de-camion-pneus-de-vus-pneus-de-vum\/","og_locale":"fr_CA","og_type":"article","og_title":"Pneus pour camions, VUS, VUM | Pneus Rovelo Canada","og_description":"D\u00e9couvrez notre gamme compl\u00e8te de pneus pour camions, VUS et VUM. Une performance abordable sur laquelle vous pouvez compter. Garantie concurrentielle, performance et fiabilit\u00e9 in\u00e9gal\u00e9es. Trouvez le pneu id\u00e9al d\u00e8s aujourd\u2019hui.","og_url":"https:\/\/rovelotireusa.com\/fr-ca\/tous-les-pneus\/pneus-de-camion-pneus-de-vus-pneus-de-vum\/","og_site_name":"Rovelo Tires Canada","article_modified_time":"2025-08-19T13:42:39+00:00","og_image":[{"url":"https:\/\/rovelotire.ca\/wp-content\/uploads\/2025\/05\/9b7828c0d6fc816d4ac542eafee79d1842d31767-1024x981.png","type":"","width":"","height":""}],"twitter_card":"summary_large_image","twitter_misc":{"Estimation du temps de lecture":"1 minute"},"schema":{"@context":"https:\/\/schema.org","@graph":[{"@type":"WebPage","@id":"https:\/\/rovelotireusa.com\/fr-ca\/tous-les-pneus\/pneus-de-camion-pneus-de-vus-pneus-de-vum\/","url":"https:\/\/rovelotireusa.com\/fr-ca\/tous-les-pneus\/pneus-de-camion-pneus-de-vus-pneus-de-vum\/","name":"Pneus pour camions, VUS, VUM | Pneus Rovelo Canada","isPartOf":{"@id":"https:\/\/rovelotire.ca\/en\/#website"},"primaryImageOfPage":{"@id":"https:\/\/rovelotireusa.com\/fr-ca\/tous-les-pneus\/pneus-de-camion-pneus-de-vus-pneus-de-vum\/#primaryimage"},"image":{"@id":"https:\/\/rovelotireusa.com\/fr-ca\/tous-les-pneus\/pneus-de-camion-pneus-de-vus-pneus-de-vum\/#primaryimage"},"thumbnailUrl":"https:\/\/rovelotire.ca\/wp-content\/uploads\/2025\/05\/9b7828c0d6fc816d4ac542eafee79d1842d31767-1024x981.png","datePublished":"2025-04-09T14:11:30+00:00","dateModified":"2025-08-19T13:42:39+00:00","description":"D\u00e9couvrez notre gamme compl\u00e8te de pneus pour camions, VUS et VUM. Une performance abordable sur laquelle vous pouvez compter. Garantie concurrentielle, performance et fiabilit\u00e9 in\u00e9gal\u00e9es. Trouvez le pneu id\u00e9al d\u00e8s aujourd\u2019hui.","breadcrumb":{"@id":"https:\/\/rovelotireusa.com\/fr-ca\/tous-les-pneus\/pneus-de-camion-pneus-de-vus-pneus-de-vum\/#breadcrumb"},"inLanguage":"fr-CA","potentialAction":[{"@type":"ReadAction","target":["https:\/\/rovelotireusa.com\/fr-ca\/tous-les-pneus\/pneus-de-camion-pneus-de-vus-pneus-de-vum\/"]}]},{"@type":"ImageObject","inLanguage":"fr-CA","@id":"https:\/\/rovelotireusa.com\/fr-ca\/tous-les-pneus\/pneus-de-camion-pneus-de-vus-pneus-de-vum\/#primaryimage","url":"https:\/\/rovelotire.ca\/wp-content\/uploads\/2025\/05\/9b7828c0d6fc816d4ac542eafee79d1842d31767-1024x981.png","contentUrl":"https:\/\/rovelotire.ca\/wp-content\/uploads\/2025\/05\/9b7828c0d6fc816d4ac542eafee79d1842d31767-1024x981.png"},{"@type":"BreadcrumbList","@id":"https:\/\/rovelotireusa.com\/fr-ca\/tous-les-pneus\/pneus-de-camion-pneus-de-vus-pneus-de-vum\/#breadcrumb","itemListElement":[{"@type":"ListItem","position":1,"name":"Home","item":"https:\/\/rovelotire.ca\/fr-ca\/"},{"@type":"ListItem","position":2,"name":"Tous les pneus","item":"https:\/\/rovelotireusa.com\/fr-ca\/tous-les-pneus\/"},{"@type":"ListItem","position":3,"name":"Pneus de camion, pneus de VUS, pneus de VUM"}]},{"@type":"WebSite","@id":"https:\/\/rovelotire.ca\/en\/#website","url":"https:\/\/rovelotire.ca\/en\/","name":"Rovelo Tires Canada","description":"","publisher":{"@id":"https:\/\/rovelotire.ca\/en\/#organization"},"alternateName":"Rovelo Tires Canada","potentialAction":[{"@type":"SearchAction","target":{"@type":"EntryPoint","urlTemplate":"https:\/\/rovelotire.ca\/en\/?s={search_term_string}"},"query-input":{"@type":"PropertyValueSpecification","valueRequired":true,"valueName":"search_term_string"}}],"inLanguage":"fr-CA"},{"@type":"Organization","@id":"https:\/\/rovelotire.ca\/en\/#organization","name":"Rovelo Tires Canada","url":"https:\/\/rovelotire.ca\/en\/","logo":{"@type":"ImageObject","inLanguage":"fr-CA","@id":"https:\/\/rovelotire.ca\/en\/#\/schema\/logo\/image\/","url":"https:\/\/rovelotireusa.com\/wp-content\/uploads\/2025\/04\/rovelo-logo.svg","contentUrl":"https:\/\/rovelotireusa.com\/wp-content\/uploads\/2025\/04\/rovelo-logo.svg","caption":"Rovelo Tires Canada"},"image":{"@id":"https:\/\/rovelotire.ca\/en\/#\/schema\/logo\/image\/"}}]}},"_links":{"self":[{"href":"https:\/\/rovelotireusa.com\/fr-ca\/wp-json\/wp\/v2\/pages\/2196","targetHints":{"allow":["GET"]}}],"collection":[{"href":"https:\/\/rovelotireusa.com\/fr-ca\/wp-json\/wp\/v2\/pages"}],"about":[{"href":"https:\/\/rovelotireusa.com\/fr-ca\/wp-json\/wp\/v2\/types\/page"}],"author":[{"embeddable":true,"href":"https:\/\/rovelotireusa.com\/fr-ca\/wp-json\/wp\/v2\/users\/1"}],"replies":[{"embeddable":true,"href":"https:\/\/rovelotireusa.com\/fr-ca\/wp-json\/wp\/v2\/comments?post=2196"}],"version-history":[{"count":1,"href":"https:\/\/rovelotireusa.com\/fr-ca\/wp-json\/wp\/v2\/pages\/2196\/revisions"}],"predecessor-version":[{"id":2197,"href":"https:\/\/rovelotireusa.com\/fr-ca\/wp-json\/wp\/v2\/pages\/2196\/revisions\/2197"}],"up":[{"embeddable":true,"href":"https:\/\/rovelotireusa.com\/fr-ca\/wp-json\/wp\/v2\/pages\/546"}],"wp:attachment":[{"href":"https:\/\/rovelotireusa.com\/fr-ca\/wp-json\/wp\/v2\/media?parent=2196"}],"curies":[{"name":"wp","href":"https:\/\/api.w.org\/{rel}","templated":true}]}}