{"id":4539,"date":"2025-04-09T14:13:01","date_gmt":"2025-04-09T14:13:01","guid":{"rendered":"https:\/\/rovelotire.ca\/todos-los-neumaticos\/neumaticos-de-invierno\/"},"modified":"2026-04-15T23:52:10","modified_gmt":"2026-04-15T23:52:10","slug":"neumaticos-de-invierno","status":"publish","type":"page","link":"https:\/\/rovelotireusa.com\/es-us\/todos-los-neumaticos\/neumaticos-de-invierno\/","title":{"rendered":"Neum\u00e1ticos de Invierno"},"content":{"rendered":"\n<div class=\"wp-block-cover has-custom-content-position is-position-top-center has-dark-color has-text-color has-link-color wp-elements-47d4695533bc40db85dce16afc3bbb70\" style=\"min-height:600px;aspect-ratio:unset;\"><img loading=\"lazy\" decoding=\"async\" width=\"1024\" height=\"981\" class=\"wp-block-cover__image-background wp-image-279 size-large\" alt=\"Car driving in winter\" src=\"https:\/\/rovelotire.ca\/wp-content\/uploads\/2025\/05\/PLP-Section2-About-Winter-Background-1024x981.webp\" style=\"object-position:50% 80%\" data-object-fit=\"cover\" data-object-position=\"50% 80%\"\/><span aria-hidden=\"true\" class=\"wp-block-cover__background has-background-dim-100 has-background-dim wp-block-cover__gradient-background has-background-gradient has-light-fade-gradient-background\"><\/span><div class=\"wp-block-cover__inner-container\">\n<div class=\"wp-block-group container mt-5 mb-5\">\n<div class=\"wp-block-group col-lg-8 m-auto\">\n<h2 class=\"wp-block-heading has-text-align-center has-primary-color has-text-color has-link-color has-large-font-size wp-elements-c8d00d9737f06f57c1a8278c705d68a7\"><strong>Dise\u00f1ado Espec\u00edficamente para el Invierno<\/strong><\/h2>\n\n\n\n<p class=\"has-text-align-center\">Dise\u00f1ados con precisi\u00f3n con compuestos de caucho especializados, los neum\u00e1ticos de invierno Rovelo manejan con confianza el frenado, las curvas y el agarre en carreteras nevadas, con aguanieve y heladas.<\/p>\n<\/div>\n<\/div>\n<\/div><\/div>\n","protected":false},"excerpt":{"rendered":"","protected":false},"author":1,"featured_media":0,"parent":2752,"menu_order":0,"comment_status":"closed","ping_status":"closed","template":"page-tires.php","meta":{"_acf_changed":false,"footnotes":""},"class_list":["post-4539","page","type-page","status-publish","hentry"],"acf":[],"yoast_head":"<!-- This site is optimized with the Yoast SEO plugin v27.4 - https:\/\/yoast.com\/product\/yoast-seo-wordpress\/ -->\n<title>Neum\u00e1ticos de Invierno y Nieve | Rovelo Tires<\/title>\n<meta name=\"description\" content=\"Los neum\u00e1ticos de invierno Rovelo ofrecen seguridad en hielo y nieve. Descubra nuestra selecci\u00f3n con o sin tachuelas.\" \/>\n<meta name=\"robots\" content=\"index, follow, max-snippet:-1, max-image-preview:large, max-video-preview:-1\" \/>\n<link rel=\"canonical\" href=\"https:\/\/rovelotireusa.com\/es-us\/todos-los-neumaticos\/neumaticos-de-invierno\/\" \/>\n<meta property=\"og:locale\" content=\"es_ES\" \/>\n<meta property=\"og:type\" content=\"article\" \/>\n<meta property=\"og:title\" content=\"Neum\u00e1ticos de Invierno y Nieve | Rovelo Tires\" \/>\n<meta property=\"og:description\" content=\"Los neum\u00e1ticos de invierno Rovelo ofrecen seguridad en hielo y nieve. Descubra nuestra selecci\u00f3n con o sin tachuelas.\" \/>\n<meta property=\"og:url\" content=\"https:\/\/rovelotireusa.com\/es-us\/todos-los-neumaticos\/neumaticos-de-invierno\/\" \/>\n<meta property=\"og:site_name\" content=\"Rovelo Tire Canada\" \/>\n<meta property=\"article:modified_time\" content=\"2026-04-15T23:52:10+00:00\" \/>\n<meta property=\"og:image\" content=\"https:\/\/rovelotireusa.com\/wp-content\/uploads\/2025\/05\/PLP-Section2-About-Winter-Background.webp\" \/>\n\t<meta property=\"og:image:width\" content=\"1440\" \/>\n\t<meta property=\"og:image:height\" content=\"1380\" \/>\n\t<meta property=\"og:image:type\" content=\"image\/webp\" \/>\n<meta name=\"twitter:card\" content=\"summary_large_image\" \/>\n<script type=\"application\/ld+json\" class=\"yoast-schema-graph\">{\"@context\":\"https:\\\/\\\/schema.org\",\"@graph\":[{\"@type\":\"WebPage\",\"@id\":\"https:\\\/\\\/rovelotireusa.com\\\/es-us\\\/todos-los-neumaticos\\\/neumaticos-de-invierno\\\/\",\"url\":\"https:\\\/\\\/rovelotireusa.com\\\/es-us\\\/todos-los-neumaticos\\\/neumaticos-de-invierno\\\/\",\"name\":\"Neum\u00e1ticos de Invierno y Nieve | Rovelo Tires\",\"isPartOf\":{\"@id\":\"https:\\\/\\\/rovelotireusa.com\\\/es-us\\\/#website\"},\"primaryImageOfPage\":{\"@id\":\"https:\\\/\\\/rovelotireusa.com\\\/es-us\\\/todos-los-neumaticos\\\/neumaticos-de-invierno\\\/#primaryimage\"},\"image\":{\"@id\":\"https:\\\/\\\/rovelotireusa.com\\\/es-us\\\/todos-los-neumaticos\\\/neumaticos-de-invierno\\\/#primaryimage\"},\"thumbnailUrl\":\"https:\\\/\\\/rovelotire.ca\\\/wp-content\\\/uploads\\\/2025\\\/05\\\/PLP-Section2-About-Winter-Background-1024x981.webp\",\"datePublished\":\"2025-04-09T14:13:01+00:00\",\"dateModified\":\"2026-04-15T23:52:10+00:00\",\"description\":\"Los neum\u00e1ticos de invierno Rovelo ofrecen seguridad en hielo y nieve. Descubra nuestra selecci\u00f3n con o sin tachuelas.\",\"breadcrumb\":{\"@id\":\"https:\\\/\\\/rovelotireusa.com\\\/es-us\\\/todos-los-neumaticos\\\/neumaticos-de-invierno\\\/#breadcrumb\"},\"inLanguage\":\"es-US\",\"potentialAction\":[{\"@type\":\"ReadAction\",\"target\":[\"https:\\\/\\\/rovelotireusa.com\\\/es-us\\\/todos-los-neumaticos\\\/neumaticos-de-invierno\\\/\"]}]},{\"@type\":\"ImageObject\",\"inLanguage\":\"es-US\",\"@id\":\"https:\\\/\\\/rovelotireusa.com\\\/es-us\\\/todos-los-neumaticos\\\/neumaticos-de-invierno\\\/#primaryimage\",\"url\":\"https:\\\/\\\/rovelotire.ca\\\/wp-content\\\/uploads\\\/2025\\\/05\\\/PLP-Section2-About-Winter-Background-1024x981.webp\",\"contentUrl\":\"https:\\\/\\\/rovelotire.ca\\\/wp-content\\\/uploads\\\/2025\\\/05\\\/PLP-Section2-About-Winter-Background-1024x981.webp\"},{\"@type\":\"BreadcrumbList\",\"@id\":\"https:\\\/\\\/rovelotireusa.com\\\/es-us\\\/todos-los-neumaticos\\\/neumaticos-de-invierno\\\/#breadcrumb\",\"itemListElement\":[{\"@type\":\"ListItem\",\"position\":1,\"name\":\"Home\",\"item\":\"https:\\\/\\\/rovelotireusa.com\\\/es-us\\\/\"},{\"@type\":\"ListItem\",\"position\":2,\"name\":\"TODOS LOS NEUM\u00c1TICOS\",\"item\":\"https:\\\/\\\/rovelotireusa.com\\\/es-us\\\/todos-los-neumaticos\\\/\"},{\"@type\":\"ListItem\",\"position\":3,\"name\":\"Neum\u00e1ticos de Invierno\"}]},{\"@type\":\"WebSite\",\"@id\":\"https:\\\/\\\/rovelotireusa.com\\\/es-us\\\/#website\",\"url\":\"https:\\\/\\\/rovelotireusa.com\\\/es-us\\\/\",\"name\":\"Rovelo Tires Canada\",\"description\":\"\",\"publisher\":{\"@id\":\"https:\\\/\\\/rovelotireusa.com\\\/es-us\\\/#organization\"},\"alternateName\":\"Rovelo Tires Canada\",\"potentialAction\":[{\"@type\":\"SearchAction\",\"target\":{\"@type\":\"EntryPoint\",\"urlTemplate\":\"https:\\\/\\\/rovelotireusa.com\\\/es-us\\\/?s={search_term_string}\"},\"query-input\":{\"@type\":\"PropertyValueSpecification\",\"valueRequired\":true,\"valueName\":\"search_term_string\"}}],\"inLanguage\":\"es-US\"},{\"@type\":\"Organization\",\"@id\":\"https:\\\/\\\/rovelotireusa.com\\\/es-us\\\/#organization\",\"name\":\"Rovelo Tires Canada\",\"url\":\"https:\\\/\\\/rovelotireusa.com\\\/es-us\\\/\",\"logo\":{\"@type\":\"ImageObject\",\"inLanguage\":\"es-US\",\"@id\":\"https:\\\/\\\/rovelotireusa.com\\\/es-us\\\/#\\\/schema\\\/logo\\\/image\\\/\",\"url\":\"https:\\\/\\\/rovelotireusa.com\\\/wp-content\\\/uploads\\\/2025\\\/04\\\/rovelo-logo.svg\",\"contentUrl\":\"https:\\\/\\\/rovelotireusa.com\\\/wp-content\\\/uploads\\\/2025\\\/04\\\/rovelo-logo.svg\",\"caption\":\"Rovelo Tires Canada\"},\"image\":{\"@id\":\"https:\\\/\\\/rovelotireusa.com\\\/es-us\\\/#\\\/schema\\\/logo\\\/image\\\/\"}}]}<\/script>\n<!-- \/ Yoast SEO plugin. -->","yoast_head_json":{"title":"Neum\u00e1ticos de Invierno y Nieve | Rovelo Tires","description":"Los neum\u00e1ticos de invierno Rovelo ofrecen seguridad en hielo y nieve. Descubra nuestra selecci\u00f3n con o sin tachuelas.","robots":{"index":"index","follow":"follow","max-snippet":"max-snippet:-1","max-image-preview":"max-image-preview:large","max-video-preview":"max-video-preview:-1"},"canonical":"https:\/\/rovelotireusa.com\/es-us\/todos-los-neumaticos\/neumaticos-de-invierno\/","og_locale":"es_ES","og_type":"article","og_title":"Neum\u00e1ticos de Invierno y Nieve | Rovelo Tires","og_description":"Los neum\u00e1ticos de invierno Rovelo ofrecen seguridad en hielo y nieve. Descubra nuestra selecci\u00f3n con o sin tachuelas.","og_url":"https:\/\/rovelotireusa.com\/es-us\/todos-los-neumaticos\/neumaticos-de-invierno\/","og_site_name":"Rovelo Tire Canada","article_modified_time":"2026-04-15T23:52:10+00:00","og_image":[{"width":1440,"height":1380,"url":"https:\/\/rovelotireusa.com\/wp-content\/uploads\/2025\/05\/PLP-Section2-About-Winter-Background.webp","type":"image\/webp"}],"twitter_card":"summary_large_image","schema":{"@context":"https:\/\/schema.org","@graph":[{"@type":"WebPage","@id":"https:\/\/rovelotireusa.com\/es-us\/todos-los-neumaticos\/neumaticos-de-invierno\/","url":"https:\/\/rovelotireusa.com\/es-us\/todos-los-neumaticos\/neumaticos-de-invierno\/","name":"Neum\u00e1ticos de Invierno y Nieve | Rovelo Tires","isPartOf":{"@id":"https:\/\/rovelotireusa.com\/es-us\/#website"},"primaryImageOfPage":{"@id":"https:\/\/rovelotireusa.com\/es-us\/todos-los-neumaticos\/neumaticos-de-invierno\/#primaryimage"},"image":{"@id":"https:\/\/rovelotireusa.com\/es-us\/todos-los-neumaticos\/neumaticos-de-invierno\/#primaryimage"},"thumbnailUrl":"https:\/\/rovelotire.ca\/wp-content\/uploads\/2025\/05\/PLP-Section2-About-Winter-Background-1024x981.webp","datePublished":"2025-04-09T14:13:01+00:00","dateModified":"2026-04-15T23:52:10+00:00","description":"Los neum\u00e1ticos de invierno Rovelo ofrecen seguridad en hielo y nieve. Descubra nuestra selecci\u00f3n con o sin tachuelas.","breadcrumb":{"@id":"https:\/\/rovelotireusa.com\/es-us\/todos-los-neumaticos\/neumaticos-de-invierno\/#breadcrumb"},"inLanguage":"es-US","potentialAction":[{"@type":"ReadAction","target":["https:\/\/rovelotireusa.com\/es-us\/todos-los-neumaticos\/neumaticos-de-invierno\/"]}]},{"@type":"ImageObject","inLanguage":"es-US","@id":"https:\/\/rovelotireusa.com\/es-us\/todos-los-neumaticos\/neumaticos-de-invierno\/#primaryimage","url":"https:\/\/rovelotire.ca\/wp-content\/uploads\/2025\/05\/PLP-Section2-About-Winter-Background-1024x981.webp","contentUrl":"https:\/\/rovelotire.ca\/wp-content\/uploads\/2025\/05\/PLP-Section2-About-Winter-Background-1024x981.webp"},{"@type":"BreadcrumbList","@id":"https:\/\/rovelotireusa.com\/es-us\/todos-los-neumaticos\/neumaticos-de-invierno\/#breadcrumb","itemListElement":[{"@type":"ListItem","position":1,"name":"Home","item":"https:\/\/rovelotireusa.com\/es-us\/"},{"@type":"ListItem","position":2,"name":"TODOS LOS NEUM\u00c1TICOS","item":"https:\/\/rovelotireusa.com\/es-us\/todos-los-neumaticos\/"},{"@type":"ListItem","position":3,"name":"Neum\u00e1ticos de Invierno"}]},{"@type":"WebSite","@id":"https:\/\/rovelotireusa.com\/es-us\/#website","url":"https:\/\/rovelotireusa.com\/es-us\/","name":"Rovelo Tires Canada","description":"","publisher":{"@id":"https:\/\/rovelotireusa.com\/es-us\/#organization"},"alternateName":"Rovelo Tires Canada","potentialAction":[{"@type":"SearchAction","target":{"@type":"EntryPoint","urlTemplate":"https:\/\/rovelotireusa.com\/es-us\/?s={search_term_string}"},"query-input":{"@type":"PropertyValueSpecification","valueRequired":true,"valueName":"search_term_string"}}],"inLanguage":"es-US"},{"@type":"Organization","@id":"https:\/\/rovelotireusa.com\/es-us\/#organization","name":"Rovelo Tires Canada","url":"https:\/\/rovelotireusa.com\/es-us\/","logo":{"@type":"ImageObject","inLanguage":"es-US","@id":"https:\/\/rovelotireusa.com\/es-us\/#\/schema\/logo\/image\/","url":"https:\/\/rovelotireusa.com\/wp-content\/uploads\/2025\/04\/rovelo-logo.svg","contentUrl":"https:\/\/rovelotireusa.com\/wp-content\/uploads\/2025\/04\/rovelo-logo.svg","caption":"Rovelo Tires Canada"},"image":{"@id":"https:\/\/rovelotireusa.com\/es-us\/#\/schema\/logo\/image\/"}}]}},"_links":{"self":[{"href":"https:\/\/rovelotireusa.com\/es-us\/wp-json\/wp\/v2\/pages\/4539","targetHints":{"allow":["GET"]}}],"collection":[{"href":"https:\/\/rovelotireusa.com\/es-us\/wp-json\/wp\/v2\/pages"}],"about":[{"href":"https:\/\/rovelotireusa.com\/es-us\/wp-json\/wp\/v2\/types\/page"}],"author":[{"embeddable":true,"href":"https:\/\/rovelotireusa.com\/es-us\/wp-json\/wp\/v2\/users\/1"}],"replies":[{"embeddable":true,"href":"https:\/\/rovelotireusa.com\/es-us\/wp-json\/wp\/v2\/comments?post=4539"}],"version-history":[{"count":1,"href":"https:\/\/rovelotireusa.com\/es-us\/wp-json\/wp\/v2\/pages\/4539\/revisions"}],"predecessor-version":[{"id":4540,"href":"https:\/\/rovelotireusa.com\/es-us\/wp-json\/wp\/v2\/pages\/4539\/revisions\/4540"}],"up":[{"embeddable":true,"href":"https:\/\/rovelotireusa.com\/es-us\/wp-json\/wp\/v2\/pages\/2752"}],"wp:attachment":[{"href":"https:\/\/rovelotireusa.com\/es-us\/wp-json\/wp\/v2\/media?parent=4539"}],"curies":[{"name":"wp","href":"https:\/\/api.w.org\/{rel}","templated":true}]}}